{"id":953,"date":"2018-04-23T12:25:05","date_gmt":"2018-04-23T09:25:05","guid":{"rendered":"https:\/\/www.laakevahinko.fi\/tietoa-laakevahinkovakuutuksesta\/"},"modified":"2023-03-14T12:45:55","modified_gmt":"2023-03-14T10:45:55","slug":"tietoa-laakevahinkovakuutuksesta","status":"publish","type":"page","link":"https:\/\/www.laakevahinko.fi\/sv\/tietoa-laakevahinkovakuutuksesta\/","title":{"rendered":"Om l\u00e4kemedelsskadef\u00f6rs\u00e4kringen"},"content":{"rendered":"<p>I Finland finns det ett frivilligt ers\u00e4ttningssystem f\u00f6r l\u00e4kemedelsskador: l\u00e4kemedelsskadef\u00f6rs\u00e4kringen. Denna f\u00f6rs\u00e4kring ers\u00e4tter skador som anv\u00e4ndare lider genom biverkningar av l\u00e4kemedel som har \u00f6verl\u00e5tits f\u00f6r konsumtion i Finland.<\/p>\n<p>F\u00f6rs\u00e4kringen \u00e4r tecknad av Andelslaget f\u00f6r ers\u00e4ttning av l\u00e4kemedelsskador.<\/p>\n<p>F\u00f6rs\u00e4krade \u00e4r de som anv\u00e4nder l\u00e4kemedlen. L\u00e4kemedelsskadef\u00f6rs\u00e4kringen t\u00e4cker mediciner vars tillverkare, import\u00f6r, distribut\u00f6r eller f\u00f6rs\u00e4ljare \u00e4r medlem i Andelslaget f\u00f6r ers\u00e4ttning av l\u00e4kemedelsskador. F\u00f6rs\u00e4kringen t\u00e4cker \u00e4ven pr\u00f6vningsl\u00e4kemedel, d\u00e5 till f\u00f6rs\u00e4kringen ansluten part sj\u00e4lv utf\u00f6r klinisk l\u00e4kemedelspr\u00f6vning i Finland i enlighet med lagen om medicinsk forskning eller medverkar till utf\u00f6randet av s\u00e5dan forskning.<\/p>\n<p>L\u00e4kemedlen ska uppfylla definitionen p\u00e5 l\u00e4kemedel i l\u00e4kemedelslagen och biverkningarna ska vara \u00f6verraskande med tanke p\u00e5 v\u00e5rdsituationen. Med l\u00e4kemedel avses i l\u00e4kemedelskadef\u00f6rs\u00e4kringen ett i l\u00e4kemedelslagen \u00e5syftat preparat eller \u00e4mne avsett f\u00f6r m\u00e4nniska, dock inte i l\u00e4kemedelslagen avsedda traditionella v\u00e4xtbaserade preparat eller homeopatiska preparat. Med l\u00e4kemedel avses ocks\u00e5 blod och blodkomponenter samt preventivpreparat som inf\u00f6rs i kroppen, d\u00e5 detta expedieras mot recept eller kr\u00e4ver ett ingrepp av en yrkesutbildad person inom h\u00e4lso- och sjukv\u00e5rden.<\/p>\n<p>L\u00e4kemedelsskadef\u00f6rs\u00e4kringen har varit i kraft i Finland sedan 1984. I b\u00f6rjan beviljades och sk\u00f6ttes f\u00f6rs\u00e4kringen av L\u00e4kemedelsskadef\u00f6rs\u00e4kringspoolen. Sedan 2012 har f\u00f6rs\u00e4kringen beviljats och ers\u00e4ttnings\u00e4renden behandlats av det Finska \u00d6msesidiga L\u00e4kemedelsskadef\u00f6rs\u00e4kringsbolaget. Finska Andelslaget f\u00f6r ers\u00e4ttning av l\u00e4kemedelsskador betalar f\u00f6rs\u00e4kringspremien.<\/p>\n<p>Till f\u00f6rs\u00e4kringen tillh\u00f6r enbart l\u00e4kemedel som \u00e4r k\u00f6pta i Finland.<\/p>\n<p>L\u00e4kemedelsskadef\u00f6rs\u00e4kringens syfte \u00e4r att ers\u00e4tta skador som kan anses \u00f6verraskande med tanke p\u00e5 v\u00e5rdsituationen och som f\u00f6rorsakats av mediciner vilka \u00f6verl\u00e5tits f\u00f6r konsumtion, eller som anv\u00e4nts i l\u00e4kemedelspr\u00f6vningar i Finland. F\u00f6rs\u00e4kringen g\u00e4ller \u00e4ven pr\u00f6vningsl\u00e4kemedel, d\u00e5 till f\u00f6rs\u00e4kringen ansluten part sj\u00e4lv utf\u00f6r klinisk l\u00e4kemedelspr\u00f6vning i Finland i enlighet med lagen om medicinsk forskning eller medverkar till utf\u00f6randet av s\u00e5dan forskning.<\/p>\n<p>L\u00e4kemedelsskadan kan kompenseras fr\u00e5n f\u00f6rs\u00e4kringen om l\u00e4kemedlet f\u00f6rv\u00e4rvats fr\u00e5n ett apotek i Finland eller om patienten har f\u00e5tt l\u00e4kemedlet i Finland fr\u00e5n en l\u00e4kare eller h\u00e4lsov\u00e5rdsenhet. L\u00e4kemedel som k\u00f6ps fr\u00e5n ett licensierat intern\u00e4tapotek i Finland omfattas ocks\u00e5 av f\u00f6rs\u00e4kringen. L\u00e4kemedel som k\u00f6ps eller f\u00e5s utanf\u00f6r Finland, eller l\u00e4kemedel som k\u00f6ps fr\u00e5n ett utl\u00e4ndskt internetapotek, omfattas inte av f\u00f6rs\u00e4kringen och ers\u00e4tts inte fr\u00e5n l\u00e4kemedelsskadef\u00f6rs\u00e4kringen.<\/p>\n<p>Med l\u00e4kemedel avses ett i 3 \u00a7 l\u00e4kemedelslagen \u00e5syftat preparat eller \u00e4mne avsett f\u00f6r m\u00e4nniskor. Med l\u00e4kemedel avses ocks\u00e5 preventivpreparat som inf\u00f6rs i kroppen, d\u00e5 detta expedieras mot recept eller kr\u00e4ver ett ingrepp av en yrkesutbildad person inom h\u00e4lso- och sjukv\u00e5rden. Vidare avses med l\u00e4kemedel \u00e4ven blod eller blodkomponenter enligt blodtj\u00e4nstlagen. Traditionella v\u00e4xtbaserade preparat eller homeopatiska preparat tillh\u00f6r dock inte till f\u00f6rs\u00e4kringen och skador d\u00e4rav ers\u00e4tts inte fr\u00e5n l\u00e4kemedelsskadef\u00f6rs\u00e4kringen.<\/p>\n<p>L\u00e4kemedelsskadef\u00f6rs\u00e4kringen ers\u00e4tter personskada som f\u00f6rorsakats av anv\u00e4ndning av l\u00e4kemedlet i v\u00e5rdsyfte. Skadan ers\u00e4tts inte om l\u00e4kemedlet har anv\u00e4nts f\u00f6r andra \u00e4ndam\u00e5l \u00e4n som l\u00e4kemedel, till exempel f\u00f6r drogmissbruk.<\/p>\n<p>&nbsp;<\/p>\n","protected":false},"excerpt":{"rendered":"<p>I Finland finns det ett frivilligt ers\u00e4ttningssystem f\u00f6r l\u00e4kemedelsskador: l\u00e4kemedelsskadef\u00f6rs\u00e4kringen. Denna f\u00f6rs\u00e4kring ers\u00e4tter skador som anv\u00e4ndare lider genom biverkningar av l\u00e4kemedel som har \u00f6verl\u00e5tits f\u00f6r konsumtion i Finland. F\u00f6rs\u00e4kringen \u00e4r tecknad av Andelslaget f\u00f6r ers\u00e4ttning av l\u00e4kemedelsskador. F\u00f6rs\u00e4krade \u00e4r de som anv\u00e4nder l\u00e4kemedlen. L\u00e4kemedelsskadef\u00f6rs\u00e4kringen t\u00e4cker mediciner vars tillverkare, import\u00f6r, distribut\u00f6r eller f\u00f6rs\u00e4ljare \u00e4r medlem i [&hellip;]<\/p>\n","protected":false},"author":1,"featured_media":0,"parent":0,"menu_order":0,"comment_status":"closed","ping_status":"closed","template":"","meta":{"_acf_changed":false,"footnotes":""},"class_list":["post-953","page","type-page","status-publish","hentry"],"acf":[],"yoast_head":"<!-- This site is optimized with the Yoast SEO plugin v27.3 - https:\/\/yoast.com\/product\/yoast-seo-wordpress\/ -->\n<title>Om l\u00e4kemedelsskadef\u00f6rs\u00e4kringen - Suomen Keskin\u00e4inen L\u00e4\u00e4kevahinkovakuutusyhti\u00f6<\/title>\n<meta name=\"robots\" content=\"index, follow, max-snippet:-1, max-image-preview:large, max-video-preview:-1\" \/>\n<link rel=\"canonical\" href=\"https:\/\/www.laakevahinko.fi\/sv\/tietoa-laakevahinkovakuutuksesta\/\" \/>\n<meta property=\"og:locale\" content=\"sv_SE\" \/>\n<meta property=\"og:type\" content=\"article\" \/>\n<meta property=\"og:title\" content=\"Om l\u00e4kemedelsskadef\u00f6rs\u00e4kringen - Suomen Keskin\u00e4inen L\u00e4\u00e4kevahinkovakuutusyhti\u00f6\" \/>\n<meta property=\"og:description\" content=\"I Finland finns det ett frivilligt ers\u00e4ttningssystem f\u00f6r l\u00e4kemedelsskador: l\u00e4kemedelsskadef\u00f6rs\u00e4kringen. Denna f\u00f6rs\u00e4kring ers\u00e4tter skador som anv\u00e4ndare lider genom biverkningar av l\u00e4kemedel som har \u00f6verl\u00e5tits f\u00f6r konsumtion i Finland. F\u00f6rs\u00e4kringen \u00e4r tecknad av Andelslaget f\u00f6r ers\u00e4ttning av l\u00e4kemedelsskador. F\u00f6rs\u00e4krade \u00e4r de som anv\u00e4nder l\u00e4kemedlen. L\u00e4kemedelsskadef\u00f6rs\u00e4kringen t\u00e4cker mediciner vars tillverkare, import\u00f6r, distribut\u00f6r eller f\u00f6rs\u00e4ljare \u00e4r medlem i [&hellip;]\" \/>\n<meta property=\"og:url\" content=\"https:\/\/www.laakevahinko.fi\/sv\/tietoa-laakevahinkovakuutuksesta\/\" \/>\n<meta property=\"og:site_name\" content=\"Suomen Keskin\u00e4inen L\u00e4\u00e4kevahinkovakuutusyhti\u00f6\" \/>\n<meta property=\"article:modified_time\" content=\"2023-03-14T10:45:55+00:00\" \/>\n<meta name=\"twitter:card\" content=\"summary_large_image\" \/>\n<meta name=\"twitter:label1\" content=\"Ber\u00e4knad l\u00e4stid\" \/>\n\t<meta name=\"twitter:data1\" content=\"3 minuter\" \/>\n<script type=\"application\/ld+json\" class=\"yoast-schema-graph\">{\"@context\":\"https:\\\/\\\/schema.org\",\"@graph\":[{\"@type\":\"WebPage\",\"@id\":\"https:\\\/\\\/www.laakevahinko.fi\\\/sv\\\/tietoa-laakevahinkovakuutuksesta\\\/\",\"url\":\"https:\\\/\\\/www.laakevahinko.fi\\\/sv\\\/tietoa-laakevahinkovakuutuksesta\\\/\",\"name\":\"Om l\u00e4kemedelsskadef\u00f6rs\u00e4kringen - Suomen Keskin\u00e4inen L\u00e4\u00e4kevahinkovakuutusyhti\u00f6\",\"isPartOf\":{\"@id\":\"https:\\\/\\\/www.laakevahinko.fi\\\/#website\"},\"datePublished\":\"2018-04-23T09:25:05+00:00\",\"dateModified\":\"2023-03-14T10:45:55+00:00\",\"breadcrumb\":{\"@id\":\"https:\\\/\\\/www.laakevahinko.fi\\\/sv\\\/tietoa-laakevahinkovakuutuksesta\\\/#breadcrumb\"},\"inLanguage\":\"sv-SE\",\"potentialAction\":[{\"@type\":\"ReadAction\",\"target\":[\"https:\\\/\\\/www.laakevahinko.fi\\\/sv\\\/tietoa-laakevahinkovakuutuksesta\\\/\"]}]},{\"@type\":\"BreadcrumbList\",\"@id\":\"https:\\\/\\\/www.laakevahinko.fi\\\/sv\\\/tietoa-laakevahinkovakuutuksesta\\\/#breadcrumb\",\"itemListElement\":[{\"@type\":\"ListItem\",\"position\":1,\"name\":\"Home\",\"item\":\"https:\\\/\\\/www.laakevahinko.fi\\\/sv\\\/\"},{\"@type\":\"ListItem\",\"position\":2,\"name\":\"Om l\u00e4kemedelsskadef\u00f6rs\u00e4kringen\"}]},{\"@type\":\"WebSite\",\"@id\":\"https:\\\/\\\/www.laakevahinko.fi\\\/#website\",\"url\":\"https:\\\/\\\/www.laakevahinko.fi\\\/\",\"name\":\"Suomen Keskin\u00e4inen L\u00e4\u00e4kevahinkovakuutusyhti\u00f6\",\"description\":\"\",\"potentialAction\":[{\"@type\":\"SearchAction\",\"target\":{\"@type\":\"EntryPoint\",\"urlTemplate\":\"https:\\\/\\\/www.laakevahinko.fi\\\/?s={search_term_string}\"},\"query-input\":{\"@type\":\"PropertyValueSpecification\",\"valueRequired\":true,\"valueName\":\"search_term_string\"}}],\"inLanguage\":\"sv-SE\"}]}<\/script>\n<!-- \/ Yoast SEO plugin. -->","yoast_head_json":{"title":"Om l\u00e4kemedelsskadef\u00f6rs\u00e4kringen - Suomen Keskin\u00e4inen L\u00e4\u00e4kevahinkovakuutusyhti\u00f6","robots":{"index":"index","follow":"follow","max-snippet":"max-snippet:-1","max-image-preview":"max-image-preview:large","max-video-preview":"max-video-preview:-1"},"canonical":"https:\/\/www.laakevahinko.fi\/sv\/tietoa-laakevahinkovakuutuksesta\/","og_locale":"sv_SE","og_type":"article","og_title":"Om l\u00e4kemedelsskadef\u00f6rs\u00e4kringen - Suomen Keskin\u00e4inen L\u00e4\u00e4kevahinkovakuutusyhti\u00f6","og_description":"I Finland finns det ett frivilligt ers\u00e4ttningssystem f\u00f6r l\u00e4kemedelsskador: l\u00e4kemedelsskadef\u00f6rs\u00e4kringen. Denna f\u00f6rs\u00e4kring ers\u00e4tter skador som anv\u00e4ndare lider genom biverkningar av l\u00e4kemedel som har \u00f6verl\u00e5tits f\u00f6r konsumtion i Finland. F\u00f6rs\u00e4kringen \u00e4r tecknad av Andelslaget f\u00f6r ers\u00e4ttning av l\u00e4kemedelsskador. F\u00f6rs\u00e4krade \u00e4r de som anv\u00e4nder l\u00e4kemedlen. L\u00e4kemedelsskadef\u00f6rs\u00e4kringen t\u00e4cker mediciner vars tillverkare, import\u00f6r, distribut\u00f6r eller f\u00f6rs\u00e4ljare \u00e4r medlem i [&hellip;]","og_url":"https:\/\/www.laakevahinko.fi\/sv\/tietoa-laakevahinkovakuutuksesta\/","og_site_name":"Suomen Keskin\u00e4inen L\u00e4\u00e4kevahinkovakuutusyhti\u00f6","article_modified_time":"2023-03-14T10:45:55+00:00","twitter_card":"summary_large_image","twitter_misc":{"Ber\u00e4knad l\u00e4stid":"3 minuter"},"schema":{"@context":"https:\/\/schema.org","@graph":[{"@type":"WebPage","@id":"https:\/\/www.laakevahinko.fi\/sv\/tietoa-laakevahinkovakuutuksesta\/","url":"https:\/\/www.laakevahinko.fi\/sv\/tietoa-laakevahinkovakuutuksesta\/","name":"Om l\u00e4kemedelsskadef\u00f6rs\u00e4kringen - Suomen Keskin\u00e4inen L\u00e4\u00e4kevahinkovakuutusyhti\u00f6","isPartOf":{"@id":"https:\/\/www.laakevahinko.fi\/#website"},"datePublished":"2018-04-23T09:25:05+00:00","dateModified":"2023-03-14T10:45:55+00:00","breadcrumb":{"@id":"https:\/\/www.laakevahinko.fi\/sv\/tietoa-laakevahinkovakuutuksesta\/#breadcrumb"},"inLanguage":"sv-SE","potentialAction":[{"@type":"ReadAction","target":["https:\/\/www.laakevahinko.fi\/sv\/tietoa-laakevahinkovakuutuksesta\/"]}]},{"@type":"BreadcrumbList","@id":"https:\/\/www.laakevahinko.fi\/sv\/tietoa-laakevahinkovakuutuksesta\/#breadcrumb","itemListElement":[{"@type":"ListItem","position":1,"name":"Home","item":"https:\/\/www.laakevahinko.fi\/sv\/"},{"@type":"ListItem","position":2,"name":"Om l\u00e4kemedelsskadef\u00f6rs\u00e4kringen"}]},{"@type":"WebSite","@id":"https:\/\/www.laakevahinko.fi\/#website","url":"https:\/\/www.laakevahinko.fi\/","name":"Suomen Keskin\u00e4inen L\u00e4\u00e4kevahinkovakuutusyhti\u00f6","description":"","potentialAction":[{"@type":"SearchAction","target":{"@type":"EntryPoint","urlTemplate":"https:\/\/www.laakevahinko.fi\/?s={search_term_string}"},"query-input":{"@type":"PropertyValueSpecification","valueRequired":true,"valueName":"search_term_string"}}],"inLanguage":"sv-SE"}]}},"_links":{"self":[{"href":"https:\/\/www.laakevahinko.fi\/sv\/wp-json\/wp\/v2\/pages\/953","targetHints":{"allow":["GET"]}}],"collection":[{"href":"https:\/\/www.laakevahinko.fi\/sv\/wp-json\/wp\/v2\/pages"}],"about":[{"href":"https:\/\/www.laakevahinko.fi\/sv\/wp-json\/wp\/v2\/types\/page"}],"author":[{"embeddable":true,"href":"https:\/\/www.laakevahinko.fi\/sv\/wp-json\/wp\/v2\/users\/1"}],"replies":[{"embeddable":true,"href":"https:\/\/www.laakevahinko.fi\/sv\/wp-json\/wp\/v2\/comments?post=953"}],"version-history":[{"count":6,"href":"https:\/\/www.laakevahinko.fi\/sv\/wp-json\/wp\/v2\/pages\/953\/revisions"}],"predecessor-version":[{"id":1196,"href":"https:\/\/www.laakevahinko.fi\/sv\/wp-json\/wp\/v2\/pages\/953\/revisions\/1196"}],"wp:attachment":[{"href":"https:\/\/www.laakevahinko.fi\/sv\/wp-json\/wp\/v2\/media?parent=953"}],"curies":[{"name":"wp","href":"https:\/\/api.w.org\/{rel}","templated":true}]}}