{"id":951,"date":"2018-04-23T12:42:49","date_gmt":"2018-04-23T09:42:49","guid":{"rendered":"https:\/\/www.laakevahinko.fi\/esimerkkitapaukset-usein-kysyttya\/"},"modified":"2026-02-25T08:19:31","modified_gmt":"2026-02-25T06:19:31","slug":"esimerkkitapaukset-usein-kysyttya","status":"publish","type":"page","link":"https:\/\/www.laakevahinko.fi\/sv\/tietoa-laakevahinkovakuutuksesta\/esimerkkitapaukset-usein-kysyttya\/","title":{"rendered":"Fr\u00e5gor och svar"},"content":{"rendered":"","protected":false},"excerpt":{"rendered":"","protected":false},"author":1,"featured_media":0,"parent":953,"menu_order":0,"comment_status":"closed","ping_status":"closed","template":"","meta":{"_acf_changed":false,"footnotes":""},"class_list":["post-951","page","type-page","status-publish","hentry"],"acf":[],"yoast_head":"<!-- This site is optimized with the Yoast SEO plugin v27.3 - https:\/\/yoast.com\/product\/yoast-seo-wordpress\/ -->\n<title>Fr\u00e5gor och svar - Suomen Keskin\u00e4inen L\u00e4\u00e4kevahinkovakuutusyhti\u00f6<\/title>\n<meta name=\"robots\" content=\"index, follow, max-snippet:-1, max-image-preview:large, max-video-preview:-1\" \/>\n<link rel=\"canonical\" href=\"https:\/\/www.laakevahinko.fi\/sv\/tietoa-laakevahinkovakuutuksesta\/esimerkkitapaukset-usein-kysyttya\/\" \/>\n<meta property=\"og:locale\" content=\"sv_SE\" \/>\n<meta property=\"og:type\" content=\"article\" \/>\n<meta property=\"og:title\" content=\"Fr\u00e5gor och svar - Suomen Keskin\u00e4inen L\u00e4\u00e4kevahinkovakuutusyhti\u00f6\" \/>\n<meta property=\"og:url\" content=\"https:\/\/www.laakevahinko.fi\/sv\/tietoa-laakevahinkovakuutuksesta\/esimerkkitapaukset-usein-kysyttya\/\" \/>\n<meta property=\"og:site_name\" content=\"Suomen Keskin\u00e4inen L\u00e4\u00e4kevahinkovakuutusyhti\u00f6\" \/>\n<meta property=\"article:modified_time\" content=\"2026-02-25T06:19:31+00:00\" \/>\n<meta name=\"twitter:card\" content=\"summary_large_image\" \/>\n<script type=\"application\/ld+json\" class=\"yoast-schema-graph\">{\"@context\":\"https:\\\/\\\/schema.org\",\"@graph\":[{\"@type\":\"WebPage\",\"@id\":\"https:\\\/\\\/www.laakevahinko.fi\\\/sv\\\/tietoa-laakevahinkovakuutuksesta\\\/esimerkkitapaukset-usein-kysyttya\\\/\",\"url\":\"https:\\\/\\\/www.laakevahinko.fi\\\/sv\\\/tietoa-laakevahinkovakuutuksesta\\\/esimerkkitapaukset-usein-kysyttya\\\/\",\"name\":\"Fr\u00e5gor och svar - Suomen Keskin\u00e4inen L\u00e4\u00e4kevahinkovakuutusyhti\u00f6\",\"isPartOf\":{\"@id\":\"https:\\\/\\\/www.laakevahinko.fi\\\/#website\"},\"datePublished\":\"2018-04-23T09:42:49+00:00\",\"dateModified\":\"2026-02-25T06:19:31+00:00\",\"breadcrumb\":{\"@id\":\"https:\\\/\\\/www.laakevahinko.fi\\\/sv\\\/tietoa-laakevahinkovakuutuksesta\\\/esimerkkitapaukset-usein-kysyttya\\\/#breadcrumb\"},\"inLanguage\":\"sv-SE\",\"potentialAction\":[{\"@type\":\"ReadAction\",\"target\":[\"https:\\\/\\\/www.laakevahinko.fi\\\/sv\\\/tietoa-laakevahinkovakuutuksesta\\\/esimerkkitapaukset-usein-kysyttya\\\/\"]}]},{\"@type\":\"BreadcrumbList\",\"@id\":\"https:\\\/\\\/www.laakevahinko.fi\\\/sv\\\/tietoa-laakevahinkovakuutuksesta\\\/esimerkkitapaukset-usein-kysyttya\\\/#breadcrumb\",\"itemListElement\":[{\"@type\":\"ListItem\",\"position\":1,\"name\":\"Home\",\"item\":\"https:\\\/\\\/www.laakevahinko.fi\\\/sv\\\/\"},{\"@type\":\"ListItem\",\"position\":2,\"name\":\"Om l\u00e4kemedelsskadef\u00f6rs\u00e4kringen\",\"item\":\"https:\\\/\\\/www.laakevahinko.fi\\\/sv\\\/tietoa-laakevahinkovakuutuksesta\\\/\"},{\"@type\":\"ListItem\",\"position\":3,\"name\":\"Fr\u00e5gor och svar\"}]},{\"@type\":\"WebSite\",\"@id\":\"https:\\\/\\\/www.laakevahinko.fi\\\/#website\",\"url\":\"https:\\\/\\\/www.laakevahinko.fi\\\/\",\"name\":\"Suomen Keskin\u00e4inen L\u00e4\u00e4kevahinkovakuutusyhti\u00f6\",\"description\":\"\",\"potentialAction\":[{\"@type\":\"SearchAction\",\"target\":{\"@type\":\"EntryPoint\",\"urlTemplate\":\"https:\\\/\\\/www.laakevahinko.fi\\\/?s={search_term_string}\"},\"query-input\":{\"@type\":\"PropertyValueSpecification\",\"valueRequired\":true,\"valueName\":\"search_term_string\"}}],\"inLanguage\":\"sv-SE\"}]}<\/script>\n<!-- \/ Yoast SEO plugin. -->","yoast_head_json":{"title":"Fr\u00e5gor och svar - Suomen Keskin\u00e4inen L\u00e4\u00e4kevahinkovakuutusyhti\u00f6","robots":{"index":"index","follow":"follow","max-snippet":"max-snippet:-1","max-image-preview":"max-image-preview:large","max-video-preview":"max-video-preview:-1"},"canonical":"https:\/\/www.laakevahinko.fi\/sv\/tietoa-laakevahinkovakuutuksesta\/esimerkkitapaukset-usein-kysyttya\/","og_locale":"sv_SE","og_type":"article","og_title":"Fr\u00e5gor och svar - Suomen Keskin\u00e4inen L\u00e4\u00e4kevahinkovakuutusyhti\u00f6","og_url":"https:\/\/www.laakevahinko.fi\/sv\/tietoa-laakevahinkovakuutuksesta\/esimerkkitapaukset-usein-kysyttya\/","og_site_name":"Suomen Keskin\u00e4inen L\u00e4\u00e4kevahinkovakuutusyhti\u00f6","article_modified_time":"2026-02-25T06:19:31+00:00","twitter_card":"summary_large_image","schema":{"@context":"https:\/\/schema.org","@graph":[{"@type":"WebPage","@id":"https:\/\/www.laakevahinko.fi\/sv\/tietoa-laakevahinkovakuutuksesta\/esimerkkitapaukset-usein-kysyttya\/","url":"https:\/\/www.laakevahinko.fi\/sv\/tietoa-laakevahinkovakuutuksesta\/esimerkkitapaukset-usein-kysyttya\/","name":"Fr\u00e5gor och svar - Suomen Keskin\u00e4inen L\u00e4\u00e4kevahinkovakuutusyhti\u00f6","isPartOf":{"@id":"https:\/\/www.laakevahinko.fi\/#website"},"datePublished":"2018-04-23T09:42:49+00:00","dateModified":"2026-02-25T06:19:31+00:00","breadcrumb":{"@id":"https:\/\/www.laakevahinko.fi\/sv\/tietoa-laakevahinkovakuutuksesta\/esimerkkitapaukset-usein-kysyttya\/#breadcrumb"},"inLanguage":"sv-SE","potentialAction":[{"@type":"ReadAction","target":["https:\/\/www.laakevahinko.fi\/sv\/tietoa-laakevahinkovakuutuksesta\/esimerkkitapaukset-usein-kysyttya\/"]}]},{"@type":"BreadcrumbList","@id":"https:\/\/www.laakevahinko.fi\/sv\/tietoa-laakevahinkovakuutuksesta\/esimerkkitapaukset-usein-kysyttya\/#breadcrumb","itemListElement":[{"@type":"ListItem","position":1,"name":"Home","item":"https:\/\/www.laakevahinko.fi\/sv\/"},{"@type":"ListItem","position":2,"name":"Om l\u00e4kemedelsskadef\u00f6rs\u00e4kringen","item":"https:\/\/www.laakevahinko.fi\/sv\/tietoa-laakevahinkovakuutuksesta\/"},{"@type":"ListItem","position":3,"name":"Fr\u00e5gor och svar"}]},{"@type":"WebSite","@id":"https:\/\/www.laakevahinko.fi\/#website","url":"https:\/\/www.laakevahinko.fi\/","name":"Suomen Keskin\u00e4inen L\u00e4\u00e4kevahinkovakuutusyhti\u00f6","description":"","potentialAction":[{"@type":"SearchAction","target":{"@type":"EntryPoint","urlTemplate":"https:\/\/www.laakevahinko.fi\/?s={search_term_string}"},"query-input":{"@type":"PropertyValueSpecification","valueRequired":true,"valueName":"search_term_string"}}],"inLanguage":"sv-SE"}]}},"_links":{"self":[{"href":"https:\/\/www.laakevahinko.fi\/sv\/wp-json\/wp\/v2\/pages\/951","targetHints":{"allow":["GET"]}}],"collection":[{"href":"https:\/\/www.laakevahinko.fi\/sv\/wp-json\/wp\/v2\/pages"}],"about":[{"href":"https:\/\/www.laakevahinko.fi\/sv\/wp-json\/wp\/v2\/types\/page"}],"author":[{"embeddable":true,"href":"https:\/\/www.laakevahinko.fi\/sv\/wp-json\/wp\/v2\/users\/1"}],"replies":[{"embeddable":true,"href":"https:\/\/www.laakevahinko.fi\/sv\/wp-json\/wp\/v2\/comments?post=951"}],"version-history":[{"count":33,"href":"https:\/\/www.laakevahinko.fi\/sv\/wp-json\/wp\/v2\/pages\/951\/revisions"}],"predecessor-version":[{"id":3245,"href":"https:\/\/www.laakevahinko.fi\/sv\/wp-json\/wp\/v2\/pages\/951\/revisions\/3245"}],"up":[{"embeddable":true,"href":"https:\/\/www.laakevahinko.fi\/sv\/wp-json\/wp\/v2\/pages\/953"}],"wp:attachment":[{"href":"https:\/\/www.laakevahinko.fi\/sv\/wp-json\/wp\/v2\/media?parent=951"}],"curies":[{"name":"wp","href":"https:\/\/api.w.org\/{rel}","templated":true}]}}