{"id":946,"date":"2018-10-30T12:10:47","date_gmt":"2018-10-30T10:10:47","guid":{"rendered":"https:\/\/www.laakevahinko.fi\/esimerkkitapaukset\/"},"modified":"2025-03-31T14:41:59","modified_gmt":"2025-03-31T11:41:59","slug":"esimerkkitapaukset","status":"publish","type":"page","link":"https:\/\/www.laakevahinko.fi\/sv\/tietoa-laakevahinkovakuutuksesta\/esimerkkitapaukset\/","title":{"rendered":"Exempelfall"},"content":{"rendered":"","protected":false},"excerpt":{"rendered":"","protected":false},"author":1,"featured_media":0,"parent":953,"menu_order":0,"comment_status":"closed","ping_status":"closed","template":"","meta":{"_acf_changed":false,"footnotes":""},"class_list":["post-946","page","type-page","status-publish","hentry"],"acf":[],"yoast_head":"<!-- This site is optimized with the Yoast SEO plugin v27.3 - https:\/\/yoast.com\/product\/yoast-seo-wordpress\/ -->\n<title>Exempelfall - Suomen Keskin\u00e4inen L\u00e4\u00e4kevahinkovakuutusyhti\u00f6<\/title>\n<meta name=\"robots\" content=\"index, follow, max-snippet:-1, max-image-preview:large, max-video-preview:-1\" \/>\n<link rel=\"canonical\" href=\"https:\/\/www.laakevahinko.fi\/sv\/tietoa-laakevahinkovakuutuksesta\/esimerkkitapaukset\/\" \/>\n<meta property=\"og:locale\" content=\"sv_SE\" \/>\n<meta property=\"og:type\" content=\"article\" \/>\n<meta property=\"og:title\" content=\"Exempelfall - Suomen Keskin\u00e4inen L\u00e4\u00e4kevahinkovakuutusyhti\u00f6\" \/>\n<meta property=\"og:url\" content=\"https:\/\/www.laakevahinko.fi\/sv\/tietoa-laakevahinkovakuutuksesta\/esimerkkitapaukset\/\" \/>\n<meta property=\"og:site_name\" content=\"Suomen Keskin\u00e4inen L\u00e4\u00e4kevahinkovakuutusyhti\u00f6\" \/>\n<meta property=\"article:modified_time\" content=\"2025-03-31T11:41:59+00:00\" \/>\n<meta name=\"twitter:card\" content=\"summary_large_image\" \/>\n<script type=\"application\/ld+json\" class=\"yoast-schema-graph\">{\"@context\":\"https:\\\/\\\/schema.org\",\"@graph\":[{\"@type\":\"WebPage\",\"@id\":\"https:\\\/\\\/www.laakevahinko.fi\\\/sv\\\/tietoa-laakevahinkovakuutuksesta\\\/esimerkkitapaukset\\\/\",\"url\":\"https:\\\/\\\/www.laakevahinko.fi\\\/sv\\\/tietoa-laakevahinkovakuutuksesta\\\/esimerkkitapaukset\\\/\",\"name\":\"Exempelfall - Suomen Keskin\u00e4inen L\u00e4\u00e4kevahinkovakuutusyhti\u00f6\",\"isPartOf\":{\"@id\":\"https:\\\/\\\/www.laakevahinko.fi\\\/#website\"},\"datePublished\":\"2018-10-30T10:10:47+00:00\",\"dateModified\":\"2025-03-31T11:41:59+00:00\",\"breadcrumb\":{\"@id\":\"https:\\\/\\\/www.laakevahinko.fi\\\/sv\\\/tietoa-laakevahinkovakuutuksesta\\\/esimerkkitapaukset\\\/#breadcrumb\"},\"inLanguage\":\"sv-SE\",\"potentialAction\":[{\"@type\":\"ReadAction\",\"target\":[\"https:\\\/\\\/www.laakevahinko.fi\\\/sv\\\/tietoa-laakevahinkovakuutuksesta\\\/esimerkkitapaukset\\\/\"]}]},{\"@type\":\"BreadcrumbList\",\"@id\":\"https:\\\/\\\/www.laakevahinko.fi\\\/sv\\\/tietoa-laakevahinkovakuutuksesta\\\/esimerkkitapaukset\\\/#breadcrumb\",\"itemListElement\":[{\"@type\":\"ListItem\",\"position\":1,\"name\":\"Home\",\"item\":\"https:\\\/\\\/www.laakevahinko.fi\\\/sv\\\/\"},{\"@type\":\"ListItem\",\"position\":2,\"name\":\"Om l\u00e4kemedelsskadef\u00f6rs\u00e4kringen\",\"item\":\"https:\\\/\\\/www.laakevahinko.fi\\\/sv\\\/tietoa-laakevahinkovakuutuksesta\\\/\"},{\"@type\":\"ListItem\",\"position\":3,\"name\":\"Exempelfall\"}]},{\"@type\":\"WebSite\",\"@id\":\"https:\\\/\\\/www.laakevahinko.fi\\\/#website\",\"url\":\"https:\\\/\\\/www.laakevahinko.fi\\\/\",\"name\":\"Suomen Keskin\u00e4inen L\u00e4\u00e4kevahinkovakuutusyhti\u00f6\",\"description\":\"\",\"potentialAction\":[{\"@type\":\"SearchAction\",\"target\":{\"@type\":\"EntryPoint\",\"urlTemplate\":\"https:\\\/\\\/www.laakevahinko.fi\\\/?s={search_term_string}\"},\"query-input\":{\"@type\":\"PropertyValueSpecification\",\"valueRequired\":true,\"valueName\":\"search_term_string\"}}],\"inLanguage\":\"sv-SE\"}]}<\/script>\n<!-- \/ Yoast SEO plugin. -->","yoast_head_json":{"title":"Exempelfall - Suomen Keskin\u00e4inen L\u00e4\u00e4kevahinkovakuutusyhti\u00f6","robots":{"index":"index","follow":"follow","max-snippet":"max-snippet:-1","max-image-preview":"max-image-preview:large","max-video-preview":"max-video-preview:-1"},"canonical":"https:\/\/www.laakevahinko.fi\/sv\/tietoa-laakevahinkovakuutuksesta\/esimerkkitapaukset\/","og_locale":"sv_SE","og_type":"article","og_title":"Exempelfall - Suomen Keskin\u00e4inen L\u00e4\u00e4kevahinkovakuutusyhti\u00f6","og_url":"https:\/\/www.laakevahinko.fi\/sv\/tietoa-laakevahinkovakuutuksesta\/esimerkkitapaukset\/","og_site_name":"Suomen Keskin\u00e4inen L\u00e4\u00e4kevahinkovakuutusyhti\u00f6","article_modified_time":"2025-03-31T11:41:59+00:00","twitter_card":"summary_large_image","schema":{"@context":"https:\/\/schema.org","@graph":[{"@type":"WebPage","@id":"https:\/\/www.laakevahinko.fi\/sv\/tietoa-laakevahinkovakuutuksesta\/esimerkkitapaukset\/","url":"https:\/\/www.laakevahinko.fi\/sv\/tietoa-laakevahinkovakuutuksesta\/esimerkkitapaukset\/","name":"Exempelfall - Suomen Keskin\u00e4inen L\u00e4\u00e4kevahinkovakuutusyhti\u00f6","isPartOf":{"@id":"https:\/\/www.laakevahinko.fi\/#website"},"datePublished":"2018-10-30T10:10:47+00:00","dateModified":"2025-03-31T11:41:59+00:00","breadcrumb":{"@id":"https:\/\/www.laakevahinko.fi\/sv\/tietoa-laakevahinkovakuutuksesta\/esimerkkitapaukset\/#breadcrumb"},"inLanguage":"sv-SE","potentialAction":[{"@type":"ReadAction","target":["https:\/\/www.laakevahinko.fi\/sv\/tietoa-laakevahinkovakuutuksesta\/esimerkkitapaukset\/"]}]},{"@type":"BreadcrumbList","@id":"https:\/\/www.laakevahinko.fi\/sv\/tietoa-laakevahinkovakuutuksesta\/esimerkkitapaukset\/#breadcrumb","itemListElement":[{"@type":"ListItem","position":1,"name":"Home","item":"https:\/\/www.laakevahinko.fi\/sv\/"},{"@type":"ListItem","position":2,"name":"Om l\u00e4kemedelsskadef\u00f6rs\u00e4kringen","item":"https:\/\/www.laakevahinko.fi\/sv\/tietoa-laakevahinkovakuutuksesta\/"},{"@type":"ListItem","position":3,"name":"Exempelfall"}]},{"@type":"WebSite","@id":"https:\/\/www.laakevahinko.fi\/#website","url":"https:\/\/www.laakevahinko.fi\/","name":"Suomen Keskin\u00e4inen L\u00e4\u00e4kevahinkovakuutusyhti\u00f6","description":"","potentialAction":[{"@type":"SearchAction","target":{"@type":"EntryPoint","urlTemplate":"https:\/\/www.laakevahinko.fi\/?s={search_term_string}"},"query-input":{"@type":"PropertyValueSpecification","valueRequired":true,"valueName":"search_term_string"}}],"inLanguage":"sv-SE"}]}},"_links":{"self":[{"href":"https:\/\/www.laakevahinko.fi\/sv\/wp-json\/wp\/v2\/pages\/946","targetHints":{"allow":["GET"]}}],"collection":[{"href":"https:\/\/www.laakevahinko.fi\/sv\/wp-json\/wp\/v2\/pages"}],"about":[{"href":"https:\/\/www.laakevahinko.fi\/sv\/wp-json\/wp\/v2\/types\/page"}],"author":[{"embeddable":true,"href":"https:\/\/www.laakevahinko.fi\/sv\/wp-json\/wp\/v2\/users\/1"}],"replies":[{"embeddable":true,"href":"https:\/\/www.laakevahinko.fi\/sv\/wp-json\/wp\/v2\/comments?post=946"}],"version-history":[{"count":9,"href":"https:\/\/www.laakevahinko.fi\/sv\/wp-json\/wp\/v2\/pages\/946\/revisions"}],"predecessor-version":[{"id":2996,"href":"https:\/\/www.laakevahinko.fi\/sv\/wp-json\/wp\/v2\/pages\/946\/revisions\/2996"}],"up":[{"embeddable":true,"href":"https:\/\/www.laakevahinko.fi\/sv\/wp-json\/wp\/v2\/pages\/953"}],"wp:attachment":[{"href":"https:\/\/www.laakevahinko.fi\/sv\/wp-json\/wp\/v2\/media?parent=946"}],"curies":[{"name":"wp","href":"https:\/\/api.w.org\/{rel}","templated":true}]}}