{"id":2496,"date":"2023-09-20T10:28:10","date_gmt":"2023-09-20T07:28:10","guid":{"rendered":"https:\/\/www.laakevahinko.fi\/?page_id=2496"},"modified":"2023-09-20T11:02:05","modified_gmt":"2023-09-20T08:02:05","slug":"anmalningskanalen","status":"publish","type":"page","link":"https:\/\/www.laakevahinko.fi\/sv\/anmalningskanalen\/","title":{"rendered":"Anm\u00e4lningskanalen"},"content":{"rendered":"<h1>Syfte med anm\u00e4lningskanalen<\/h1>\n<p>Du kan l\u00e4mna in en anm\u00e4lan till kanalen enligt lagen om skydd f\u00f6r visselbl\u00e5sare (1171\/2022) eller penningtv\u00e4ttslagen (444\/2017) om misst\u00e4nkt missbruk eller \u00f6vertr\u00e4delse som g\u00e4ller n\u00e5got av de lagstiftningsomr\u00e5den som n\u00e4mns i 2 \u00a7 i lagen om skydd f\u00f6r visselbl\u00e5sare.<\/p>\n<p><strong>Anv\u00e4nd inte kanalen f\u00f6r kundrespons eller fr\u00e5gor om ers\u00e4ttnings\u00e4renden.<\/strong> L\u00e4s igenom f\u00f6ljande anvisningar innan du l\u00e4mnar in en anm\u00e4lan.<\/p>\n<h1>Vem kan g\u00f6ra en anm\u00e4lan?<\/h1>\n<p>Du kan g\u00f6ra en anm\u00e4lan om du \u00e4r i kontakt med Finska \u00d6msesidiga L\u00e4kemedelsskadef\u00f6rs\u00e4kringsbolaget \u00e5 arbetets v\u00e4gnar och du har f\u00e5tt uppgifter om en \u00f6vertr\u00e4delse i samband med ditt arbete. Du kan till exempel vara en nuvarande eller tidigare anst\u00e4lld p\u00e5 bolaget, en person som arbetar f\u00f6r en av v\u00e5ra samarbetspartner, en styrelseledamot eller en person som befullm\u00e4ktigats av en s\u00e5dan person.<\/p>\n<h1>Anm\u00e4lan till den interna anm\u00e4lningskanalen<\/h1>\n<p>Du kan l\u00e4mna in en anm\u00e4lan <a href=\"https:\/\/laakevakuutus.ilmoituskanava.fi\/#\/?lang=sv\">h\u00e4r<\/a>. F\u00f6lj anvisningarna i tj\u00e4nsten om hur anm\u00e4lan ska fyllas i. Ber\u00e4tta om det misst\u00e4nkta missbruket eller \u00f6vertr\u00e4delsen s\u00e5 detaljerat som m\u00f6jligt. Du kan inte l\u00e4mna in en anonym anm\u00e4lan.<\/p>\n<p>Ta vara p\u00e5 koden som du f\u00e5r efter att du har l\u00e4mnat anm\u00e4lan. Med hj\u00e4lp av koden kan du f\u00f6lja statusen f\u00f6r behandlingen av anm\u00e4lan och g\u00f6ra eventuella ytterligare f\u00f6rtydliganden i efterhand. Vi kommer endast att kommunicera med dig via anm\u00e4lningskanalen f\u00f6r att s\u00e4kerst\u00e4lla sekretessen i behandlingen. Du kan l\u00e4sa mer om behandlingen av uppgifter i dataskyddsbeskrivningen.<\/p>\n<p>Det \u00e4r m\u00f6jligt att vi kommer att be dig om ytterligare f\u00f6rtydliganden. Du \u00e4r dock inte skyldig att l\u00e4mna en kompletterande redog\u00f6relse. Inom tre m\u00e5nader efter din anm\u00e4lan kommer du att informeras om vilka \u00e5tg\u00e4rder vi har vidtagit med anledning av din anm\u00e4lan. Vi ger dig information i den m\u00e5n det \u00e4r m\u00f6jligt med h\u00e4nsyn till exempelvis sekretessbest\u00e4mmelserna.<\/p>\n<h1>Anm\u00e4lan till justitiekanslers\u00e4mbetets centraliserade rapporteringskanal<\/h1>\n<p>Anm\u00e4lan ska i f\u00f6rsta hand ske via bolagets interna anm\u00e4lningskanal, s\u00e5vida det inte finns en s\u00e4rskild best\u00e4mmelse om att g\u00f6ra anm\u00e4lan direkt till myndigheten.<\/p>\n<p>I f\u00f6ljande situationer kan du g\u00f6ra en anm\u00e4lan till den nationella centraliserade rapporteringskanal som uppr\u00e4tth\u00e5lls av justitiekanslers\u00e4mbetet:<\/p>\n<ol>\n<li>Du har inte f\u00e5tt m\u00f6jlighet att rapportera via en intern rapporteringskanal;<\/li>\n<li>Du har grundad anledning att tro att en intern rapport inte har lett till n\u00e5gra \u00e5tg\u00e4rder inom den tidsfrist som anges i lagen om skydd f\u00f6r visselbl\u00e5sare;<\/li>\n<li>Du har grundad anledning att tro att det inte \u00e4r m\u00f6jligt att effektivt ingripa i \u00f6vertr\u00e4delsen p\u00e5 grundval av en intern rapport <em>eller<\/em>;<\/li>\n<li>Du har grundad anledning att tro att du riskerar att uts\u00e4ttas f\u00f6r repressalier p\u00e5 grund av rapporten.<\/li>\n<\/ol>\n<p>Om offentligg\u00f6rande av information om \u00f6vertr\u00e4delse regleras i 9 \u00a7 i lagen om skydd f\u00f6r visselbl\u00e5sare. I mycket exceptionella fall kan du ha r\u00e4tt till skydd \u00e4ven om du offentligg\u00f6r den information som \u00e4r f\u00f6rem\u00e5l f\u00f6r anm\u00e4lan.<\/p>\n<h1>Villkor f\u00f6r skydd av visselbl\u00e5sare<\/h1>\n<p>Vi f\u00e5r inte vidta repressalier mot dig f\u00f6r att du rapporterar om en \u00f6vertr\u00e4delse eller f\u00f6rs\u00f6ka hindra dig fr\u00e5n att g\u00f6ra en anm\u00e4lan. Med repressalier avses negativa konsekvenser f\u00f6r dig eller annan ol\u00e4mplig behandling av dig f\u00f6r att du har rapporterat.<\/p>\n<p>Ett allm\u00e4nt villkor f\u00f6r skydd \u00e4r att du vid tidpunkten f\u00f6r rapporteringen m\u00e5ste ha grundad anledning att tro att informationen om \u00f6vertr\u00e4delsen \u00e4r sann och att s\u00e5dan information faller inom till\u00e4mpningsomr\u00e5det f\u00f6r lagen om skydd f\u00f6r visselbl\u00e5sare eller penningtv\u00e4ttslagen. En annan f\u00f6ruts\u00e4ttning f\u00f6r skydd \u00e4r att du f\u00f6ljer anvisningarna om prioritering av intern rapportering.<\/p>\n<p>Andra personer \u00e4n de som fastst\u00e4lls i lagstiftningen \u00e4r inte ber\u00e4ttigade till skydd.<\/p>\n<p><a href=\"https:\/\/www.laakevahinko.fi\/wp-content\/uploads\/2023\/09\/Ilmoituskanavan-tietosuojaseloste_SE.pdf\">Ilmoituskanavan tietosuojaseloste_SE<\/a><\/p>\n","protected":false},"excerpt":{"rendered":"<p>Syfte med anm\u00e4lningskanalen Du kan l\u00e4mna in en anm\u00e4lan till kanalen enligt lagen om skydd f\u00f6r visselbl\u00e5sare (1171\/2022) eller penningtv\u00e4ttslagen (444\/2017) om misst\u00e4nkt missbruk eller \u00f6vertr\u00e4delse som g\u00e4ller n\u00e5got av de lagstiftningsomr\u00e5den som n\u00e4mns i 2 \u00a7 i lagen om skydd f\u00f6r visselbl\u00e5sare. Anv\u00e4nd inte kanalen f\u00f6r kundrespons eller fr\u00e5gor om ers\u00e4ttnings\u00e4renden. L\u00e4s igenom f\u00f6ljande [&hellip;]<\/p>\n","protected":false},"author":1,"featured_media":0,"parent":0,"menu_order":0,"comment_status":"closed","ping_status":"closed","template":"","meta":{"_acf_changed":false,"footnotes":""},"class_list":["post-2496","page","type-page","status-publish","hentry"],"acf":[],"yoast_head":"<!-- This site is optimized with the Yoast SEO plugin v27.3 - https:\/\/yoast.com\/product\/yoast-seo-wordpress\/ -->\n<title>Anm\u00e4lningskanalen - Suomen Keskin\u00e4inen L\u00e4\u00e4kevahinkovakuutusyhti\u00f6<\/title>\n<meta name=\"robots\" content=\"index, follow, max-snippet:-1, max-image-preview:large, max-video-preview:-1\" \/>\n<link rel=\"canonical\" href=\"https:\/\/www.laakevahinko.fi\/sv\/anmalningskanalen\/\" \/>\n<meta property=\"og:locale\" content=\"sv_SE\" \/>\n<meta property=\"og:type\" content=\"article\" \/>\n<meta property=\"og:title\" content=\"Anm\u00e4lningskanalen - Suomen Keskin\u00e4inen L\u00e4\u00e4kevahinkovakuutusyhti\u00f6\" \/>\n<meta property=\"og:description\" content=\"Syfte med anm\u00e4lningskanalen Du kan l\u00e4mna in en anm\u00e4lan till kanalen enligt lagen om skydd f\u00f6r visselbl\u00e5sare (1171\/2022) eller penningtv\u00e4ttslagen (444\/2017) om misst\u00e4nkt missbruk eller \u00f6vertr\u00e4delse som g\u00e4ller n\u00e5got av de lagstiftningsomr\u00e5den som n\u00e4mns i 2 \u00a7 i lagen om skydd f\u00f6r visselbl\u00e5sare. Anv\u00e4nd inte kanalen f\u00f6r kundrespons eller fr\u00e5gor om ers\u00e4ttnings\u00e4renden. L\u00e4s igenom f\u00f6ljande [&hellip;]\" \/>\n<meta property=\"og:url\" content=\"https:\/\/www.laakevahinko.fi\/sv\/anmalningskanalen\/\" \/>\n<meta property=\"og:site_name\" content=\"Suomen Keskin\u00e4inen L\u00e4\u00e4kevahinkovakuutusyhti\u00f6\" \/>\n<meta property=\"article:modified_time\" content=\"2023-09-20T08:02:05+00:00\" \/>\n<meta name=\"twitter:card\" content=\"summary_large_image\" \/>\n<meta name=\"twitter:label1\" content=\"Ber\u00e4knad l\u00e4stid\" \/>\n\t<meta name=\"twitter:data1\" content=\"4 minuter\" \/>\n<script type=\"application\/ld+json\" class=\"yoast-schema-graph\">{\"@context\":\"https:\\\/\\\/schema.org\",\"@graph\":[{\"@type\":\"WebPage\",\"@id\":\"https:\\\/\\\/www.laakevahinko.fi\\\/sv\\\/anmalningskanalen\\\/\",\"url\":\"https:\\\/\\\/www.laakevahinko.fi\\\/sv\\\/anmalningskanalen\\\/\",\"name\":\"Anm\u00e4lningskanalen - Suomen Keskin\u00e4inen L\u00e4\u00e4kevahinkovakuutusyhti\u00f6\",\"isPartOf\":{\"@id\":\"https:\\\/\\\/www.laakevahinko.fi\\\/#website\"},\"datePublished\":\"2023-09-20T07:28:10+00:00\",\"dateModified\":\"2023-09-20T08:02:05+00:00\",\"breadcrumb\":{\"@id\":\"https:\\\/\\\/www.laakevahinko.fi\\\/sv\\\/anmalningskanalen\\\/#breadcrumb\"},\"inLanguage\":\"sv-SE\",\"potentialAction\":[{\"@type\":\"ReadAction\",\"target\":[\"https:\\\/\\\/www.laakevahinko.fi\\\/sv\\\/anmalningskanalen\\\/\"]}]},{\"@type\":\"BreadcrumbList\",\"@id\":\"https:\\\/\\\/www.laakevahinko.fi\\\/sv\\\/anmalningskanalen\\\/#breadcrumb\",\"itemListElement\":[{\"@type\":\"ListItem\",\"position\":1,\"name\":\"Home\",\"item\":\"https:\\\/\\\/www.laakevahinko.fi\\\/sv\\\/\"},{\"@type\":\"ListItem\",\"position\":2,\"name\":\"Anm\u00e4lningskanalen\"}]},{\"@type\":\"WebSite\",\"@id\":\"https:\\\/\\\/www.laakevahinko.fi\\\/#website\",\"url\":\"https:\\\/\\\/www.laakevahinko.fi\\\/\",\"name\":\"Suomen Keskin\u00e4inen L\u00e4\u00e4kevahinkovakuutusyhti\u00f6\",\"description\":\"\",\"potentialAction\":[{\"@type\":\"SearchAction\",\"target\":{\"@type\":\"EntryPoint\",\"urlTemplate\":\"https:\\\/\\\/www.laakevahinko.fi\\\/?s={search_term_string}\"},\"query-input\":{\"@type\":\"PropertyValueSpecification\",\"valueRequired\":true,\"valueName\":\"search_term_string\"}}],\"inLanguage\":\"sv-SE\"}]}<\/script>\n<!-- \/ Yoast SEO plugin. -->","yoast_head_json":{"title":"Anm\u00e4lningskanalen - Suomen Keskin\u00e4inen L\u00e4\u00e4kevahinkovakuutusyhti\u00f6","robots":{"index":"index","follow":"follow","max-snippet":"max-snippet:-1","max-image-preview":"max-image-preview:large","max-video-preview":"max-video-preview:-1"},"canonical":"https:\/\/www.laakevahinko.fi\/sv\/anmalningskanalen\/","og_locale":"sv_SE","og_type":"article","og_title":"Anm\u00e4lningskanalen - Suomen Keskin\u00e4inen L\u00e4\u00e4kevahinkovakuutusyhti\u00f6","og_description":"Syfte med anm\u00e4lningskanalen Du kan l\u00e4mna in en anm\u00e4lan till kanalen enligt lagen om skydd f\u00f6r visselbl\u00e5sare (1171\/2022) eller penningtv\u00e4ttslagen (444\/2017) om misst\u00e4nkt missbruk eller \u00f6vertr\u00e4delse som g\u00e4ller n\u00e5got av de lagstiftningsomr\u00e5den som n\u00e4mns i 2 \u00a7 i lagen om skydd f\u00f6r visselbl\u00e5sare. Anv\u00e4nd inte kanalen f\u00f6r kundrespons eller fr\u00e5gor om ers\u00e4ttnings\u00e4renden. L\u00e4s igenom f\u00f6ljande [&hellip;]","og_url":"https:\/\/www.laakevahinko.fi\/sv\/anmalningskanalen\/","og_site_name":"Suomen Keskin\u00e4inen L\u00e4\u00e4kevahinkovakuutusyhti\u00f6","article_modified_time":"2023-09-20T08:02:05+00:00","twitter_card":"summary_large_image","twitter_misc":{"Ber\u00e4knad l\u00e4stid":"4 minuter"},"schema":{"@context":"https:\/\/schema.org","@graph":[{"@type":"WebPage","@id":"https:\/\/www.laakevahinko.fi\/sv\/anmalningskanalen\/","url":"https:\/\/www.laakevahinko.fi\/sv\/anmalningskanalen\/","name":"Anm\u00e4lningskanalen - Suomen Keskin\u00e4inen L\u00e4\u00e4kevahinkovakuutusyhti\u00f6","isPartOf":{"@id":"https:\/\/www.laakevahinko.fi\/#website"},"datePublished":"2023-09-20T07:28:10+00:00","dateModified":"2023-09-20T08:02:05+00:00","breadcrumb":{"@id":"https:\/\/www.laakevahinko.fi\/sv\/anmalningskanalen\/#breadcrumb"},"inLanguage":"sv-SE","potentialAction":[{"@type":"ReadAction","target":["https:\/\/www.laakevahinko.fi\/sv\/anmalningskanalen\/"]}]},{"@type":"BreadcrumbList","@id":"https:\/\/www.laakevahinko.fi\/sv\/anmalningskanalen\/#breadcrumb","itemListElement":[{"@type":"ListItem","position":1,"name":"Home","item":"https:\/\/www.laakevahinko.fi\/sv\/"},{"@type":"ListItem","position":2,"name":"Anm\u00e4lningskanalen"}]},{"@type":"WebSite","@id":"https:\/\/www.laakevahinko.fi\/#website","url":"https:\/\/www.laakevahinko.fi\/","name":"Suomen Keskin\u00e4inen L\u00e4\u00e4kevahinkovakuutusyhti\u00f6","description":"","potentialAction":[{"@type":"SearchAction","target":{"@type":"EntryPoint","urlTemplate":"https:\/\/www.laakevahinko.fi\/?s={search_term_string}"},"query-input":{"@type":"PropertyValueSpecification","valueRequired":true,"valueName":"search_term_string"}}],"inLanguage":"sv-SE"}]}},"_links":{"self":[{"href":"https:\/\/www.laakevahinko.fi\/sv\/wp-json\/wp\/v2\/pages\/2496","targetHints":{"allow":["GET"]}}],"collection":[{"href":"https:\/\/www.laakevahinko.fi\/sv\/wp-json\/wp\/v2\/pages"}],"about":[{"href":"https:\/\/www.laakevahinko.fi\/sv\/wp-json\/wp\/v2\/types\/page"}],"author":[{"embeddable":true,"href":"https:\/\/www.laakevahinko.fi\/sv\/wp-json\/wp\/v2\/users\/1"}],"replies":[{"embeddable":true,"href":"https:\/\/www.laakevahinko.fi\/sv\/wp-json\/wp\/v2\/comments?post=2496"}],"version-history":[{"count":7,"href":"https:\/\/www.laakevahinko.fi\/sv\/wp-json\/wp\/v2\/pages\/2496\/revisions"}],"predecessor-version":[{"id":2523,"href":"https:\/\/www.laakevahinko.fi\/sv\/wp-json\/wp\/v2\/pages\/2496\/revisions\/2523"}],"wp:attachment":[{"href":"https:\/\/www.laakevahinko.fi\/sv\/wp-json\/wp\/v2\/media?parent=2496"}],"curies":[{"name":"wp","href":"https:\/\/api.w.org\/{rel}","templated":true}]}}