{"id":2087,"date":"2022-01-19T15:17:47","date_gmt":"2022-01-19T13:17:47","guid":{"rendered":"https:\/\/www.laakevahinko.fi\/?page_id=2087"},"modified":"2026-01-23T10:25:35","modified_gmt":"2026-01-23T08:25:35","slug":"anmala-en-skada-uusi","status":"publish","type":"page","link":"https:\/\/www.laakevahinko.fi\/sv\/potilaille\/korvauksen-hakeminen\/anmala-en-skada-uusi\/","title":{"rendered":"Anm\u00e4l en skada"},"content":{"rendered":"","protected":false},"excerpt":{"rendered":"","protected":false},"author":1,"featured_media":0,"parent":975,"menu_order":0,"comment_status":"closed","ping_status":"closed","template":"","meta":{"_acf_changed":false,"footnotes":""},"class_list":["post-2087","page","type-page","status-publish","hentry"],"acf":[],"yoast_head":"<!-- This site is optimized with the Yoast SEO plugin v27.3 - https:\/\/yoast.com\/product\/yoast-seo-wordpress\/ -->\n<title>Anm\u00e4l en skada - Suomen Keskin\u00e4inen L\u00e4\u00e4kevahinkovakuutusyhti\u00f6<\/title>\n<meta name=\"robots\" content=\"index, follow, max-snippet:-1, max-image-preview:large, max-video-preview:-1\" \/>\n<link rel=\"canonical\" href=\"https:\/\/www.laakevahinko.fi\/sv\/potilaille\/korvauksen-hakeminen\/anmala-en-skada-uusi\/\" \/>\n<meta property=\"og:locale\" content=\"sv_SE\" \/>\n<meta property=\"og:type\" content=\"article\" \/>\n<meta property=\"og:title\" content=\"Anm\u00e4l en skada - Suomen Keskin\u00e4inen L\u00e4\u00e4kevahinkovakuutusyhti\u00f6\" \/>\n<meta property=\"og:url\" content=\"https:\/\/www.laakevahinko.fi\/sv\/potilaille\/korvauksen-hakeminen\/anmala-en-skada-uusi\/\" \/>\n<meta property=\"og:site_name\" content=\"Suomen Keskin\u00e4inen L\u00e4\u00e4kevahinkovakuutusyhti\u00f6\" \/>\n<meta property=\"article:modified_time\" content=\"2026-01-23T08:25:35+00:00\" \/>\n<meta name=\"twitter:card\" content=\"summary_large_image\" \/>\n<script type=\"application\/ld+json\" class=\"yoast-schema-graph\">{\"@context\":\"https:\\\/\\\/schema.org\",\"@graph\":[{\"@type\":\"WebPage\",\"@id\":\"https:\\\/\\\/www.laakevahinko.fi\\\/sv\\\/potilaille\\\/korvauksen-hakeminen\\\/anmala-en-skada-uusi\\\/\",\"url\":\"https:\\\/\\\/www.laakevahinko.fi\\\/sv\\\/potilaille\\\/korvauksen-hakeminen\\\/anmala-en-skada-uusi\\\/\",\"name\":\"Anm\u00e4l en skada - Suomen Keskin\u00e4inen L\u00e4\u00e4kevahinkovakuutusyhti\u00f6\",\"isPartOf\":{\"@id\":\"https:\\\/\\\/www.laakevahinko.fi\\\/#website\"},\"datePublished\":\"2022-01-19T13:17:47+00:00\",\"dateModified\":\"2026-01-23T08:25:35+00:00\",\"breadcrumb\":{\"@id\":\"https:\\\/\\\/www.laakevahinko.fi\\\/sv\\\/potilaille\\\/korvauksen-hakeminen\\\/anmala-en-skada-uusi\\\/#breadcrumb\"},\"inLanguage\":\"sv-SE\",\"potentialAction\":[{\"@type\":\"ReadAction\",\"target\":[\"https:\\\/\\\/www.laakevahinko.fi\\\/sv\\\/potilaille\\\/korvauksen-hakeminen\\\/anmala-en-skada-uusi\\\/\"]}]},{\"@type\":\"BreadcrumbList\",\"@id\":\"https:\\\/\\\/www.laakevahinko.fi\\\/sv\\\/potilaille\\\/korvauksen-hakeminen\\\/anmala-en-skada-uusi\\\/#breadcrumb\",\"itemListElement\":[{\"@type\":\"ListItem\",\"position\":1,\"name\":\"Home\",\"item\":\"https:\\\/\\\/www.laakevahinko.fi\\\/sv\\\/\"},{\"@type\":\"ListItem\",\"position\":2,\"name\":\"F\u00f6r den som s\u00f6ker ers\u00e4ttning\",\"item\":\"https:\\\/\\\/www.laakevahinko.fi\\\/sv\\\/potilaille\\\/\"},{\"@type\":\"ListItem\",\"position\":3,\"name\":\"S\u00f6k ers\u00e4ttning\",\"item\":\"https:\\\/\\\/www.laakevahinko.fi\\\/sv\\\/potilaille\\\/korvauksen-hakeminen\\\/\"},{\"@type\":\"ListItem\",\"position\":4,\"name\":\"Anm\u00e4l en skada\"}]},{\"@type\":\"WebSite\",\"@id\":\"https:\\\/\\\/www.laakevahinko.fi\\\/#website\",\"url\":\"https:\\\/\\\/www.laakevahinko.fi\\\/\",\"name\":\"Suomen Keskin\u00e4inen L\u00e4\u00e4kevahinkovakuutusyhti\u00f6\",\"description\":\"\",\"potentialAction\":[{\"@type\":\"SearchAction\",\"target\":{\"@type\":\"EntryPoint\",\"urlTemplate\":\"https:\\\/\\\/www.laakevahinko.fi\\\/?s={search_term_string}\"},\"query-input\":{\"@type\":\"PropertyValueSpecification\",\"valueRequired\":true,\"valueName\":\"search_term_string\"}}],\"inLanguage\":\"sv-SE\"}]}<\/script>\n<!-- \/ Yoast SEO plugin. -->","yoast_head_json":{"title":"Anm\u00e4l en skada - Suomen Keskin\u00e4inen L\u00e4\u00e4kevahinkovakuutusyhti\u00f6","robots":{"index":"index","follow":"follow","max-snippet":"max-snippet:-1","max-image-preview":"max-image-preview:large","max-video-preview":"max-video-preview:-1"},"canonical":"https:\/\/www.laakevahinko.fi\/sv\/potilaille\/korvauksen-hakeminen\/anmala-en-skada-uusi\/","og_locale":"sv_SE","og_type":"article","og_title":"Anm\u00e4l en skada - Suomen Keskin\u00e4inen L\u00e4\u00e4kevahinkovakuutusyhti\u00f6","og_url":"https:\/\/www.laakevahinko.fi\/sv\/potilaille\/korvauksen-hakeminen\/anmala-en-skada-uusi\/","og_site_name":"Suomen Keskin\u00e4inen L\u00e4\u00e4kevahinkovakuutusyhti\u00f6","article_modified_time":"2026-01-23T08:25:35+00:00","twitter_card":"summary_large_image","schema":{"@context":"https:\/\/schema.org","@graph":[{"@type":"WebPage","@id":"https:\/\/www.laakevahinko.fi\/sv\/potilaille\/korvauksen-hakeminen\/anmala-en-skada-uusi\/","url":"https:\/\/www.laakevahinko.fi\/sv\/potilaille\/korvauksen-hakeminen\/anmala-en-skada-uusi\/","name":"Anm\u00e4l en skada - Suomen Keskin\u00e4inen L\u00e4\u00e4kevahinkovakuutusyhti\u00f6","isPartOf":{"@id":"https:\/\/www.laakevahinko.fi\/#website"},"datePublished":"2022-01-19T13:17:47+00:00","dateModified":"2026-01-23T08:25:35+00:00","breadcrumb":{"@id":"https:\/\/www.laakevahinko.fi\/sv\/potilaille\/korvauksen-hakeminen\/anmala-en-skada-uusi\/#breadcrumb"},"inLanguage":"sv-SE","potentialAction":[{"@type":"ReadAction","target":["https:\/\/www.laakevahinko.fi\/sv\/potilaille\/korvauksen-hakeminen\/anmala-en-skada-uusi\/"]}]},{"@type":"BreadcrumbList","@id":"https:\/\/www.laakevahinko.fi\/sv\/potilaille\/korvauksen-hakeminen\/anmala-en-skada-uusi\/#breadcrumb","itemListElement":[{"@type":"ListItem","position":1,"name":"Home","item":"https:\/\/www.laakevahinko.fi\/sv\/"},{"@type":"ListItem","position":2,"name":"F\u00f6r den som s\u00f6ker ers\u00e4ttning","item":"https:\/\/www.laakevahinko.fi\/sv\/potilaille\/"},{"@type":"ListItem","position":3,"name":"S\u00f6k ers\u00e4ttning","item":"https:\/\/www.laakevahinko.fi\/sv\/potilaille\/korvauksen-hakeminen\/"},{"@type":"ListItem","position":4,"name":"Anm\u00e4l en skada"}]},{"@type":"WebSite","@id":"https:\/\/www.laakevahinko.fi\/#website","url":"https:\/\/www.laakevahinko.fi\/","name":"Suomen Keskin\u00e4inen L\u00e4\u00e4kevahinkovakuutusyhti\u00f6","description":"","potentialAction":[{"@type":"SearchAction","target":{"@type":"EntryPoint","urlTemplate":"https:\/\/www.laakevahinko.fi\/?s={search_term_string}"},"query-input":{"@type":"PropertyValueSpecification","valueRequired":true,"valueName":"search_term_string"}}],"inLanguage":"sv-SE"}]}},"_links":{"self":[{"href":"https:\/\/www.laakevahinko.fi\/sv\/wp-json\/wp\/v2\/pages\/2087","targetHints":{"allow":["GET"]}}],"collection":[{"href":"https:\/\/www.laakevahinko.fi\/sv\/wp-json\/wp\/v2\/pages"}],"about":[{"href":"https:\/\/www.laakevahinko.fi\/sv\/wp-json\/wp\/v2\/types\/page"}],"author":[{"embeddable":true,"href":"https:\/\/www.laakevahinko.fi\/sv\/wp-json\/wp\/v2\/users\/1"}],"replies":[{"embeddable":true,"href":"https:\/\/www.laakevahinko.fi\/sv\/wp-json\/wp\/v2\/comments?post=2087"}],"version-history":[{"count":21,"href":"https:\/\/www.laakevahinko.fi\/sv\/wp-json\/wp\/v2\/pages\/2087\/revisions"}],"predecessor-version":[{"id":3194,"href":"https:\/\/www.laakevahinko.fi\/sv\/wp-json\/wp\/v2\/pages\/2087\/revisions\/3194"}],"up":[{"embeddable":true,"href":"https:\/\/www.laakevahinko.fi\/sv\/wp-json\/wp\/v2\/pages\/975"}],"wp:attachment":[{"href":"https:\/\/www.laakevahinko.fi\/sv\/wp-json\/wp\/v2\/media?parent=2087"}],"curies":[{"name":"wp","href":"https:\/\/api.w.org\/{rel}","templated":true}]}}