{"id":1931,"date":"2021-06-23T18:33:17","date_gmt":"2021-06-23T15:33:17","guid":{"rendered":"https:\/\/www.laakevahinko.fi\/?page_id=1931"},"modified":"2025-05-28T14:51:58","modified_gmt":"2025-05-28T11:51:58","slug":"media","status":"publish","type":"page","link":"https:\/\/www.laakevahinko.fi\/sv\/media\/","title":{"rendered":"Media"},"content":{"rendered":"<p><strong>Information till medierna om vaccineringarna mot covid-19<\/strong><\/p>\n<p>OBS! I och med att vaccinationsprogrammet mot covid-19 framskrider mottar vi m\u00e5nga skadeanm\u00e4lningar och f\u00f6rfr\u00e5gningar. Vi koncentrerar oss nu p\u00e5 att handl\u00e4gga skadeanm\u00e4lningarna m\u00f6jligast effektivt. Av denna orsak kan det h\u00e4nda att du inte f\u00e5r kontakt med oss s\u00e5 snabbt som under normala omst\u00e4ndigheter. Vi besvarar f\u00f6rfr\u00e5gningar fr\u00e5n medier s\u00e5 omg\u00e5ende som m\u00f6jligt.<\/p>\n<p>Fortast kan vi vanligen reagera p\u00e5 e-postf\u00f6rfr\u00e5gningar: pia-maria.pesonen@laakevakuutus.com. Ringbud ber vi att man v\u00e4nligen l\u00e4mnar genom att ringa numret 010 219 5712 (ti-to kl. 10\u201313).<\/p>\n<p>Nedan finns information om covid-19 och svar p\u00e5 fr\u00e5gor vi ofta f\u00e5r.<\/p>\n<p>SITUATIONEN BETR\u00c4FFANDE SKADEANM\u00c4LNINGAR \u2013 SENAST \u00c4NDRAD 30.1.2025<\/p>\n<p>Fram till slutet av december 2024 har det gjorts 2 717 skadeanm\u00e4lningar i anknytning till coronavacciner. Antalet utf\u00e4rdade beslut uppg\u00e5r till 2 606, av vilka 800 varit jakande, det vill s\u00e4ga ers\u00e4ttning har beviljats, och 1 806 varit nekande beslut. Vi str\u00e4var efter att handl\u00e4gga fallen snabbt, men g\u00f6r inte avkall p\u00e5 v\u00e5r princip om noggrannhet.<\/p>\n<p>S\u00e5 h\u00e4r l\u00e5ngt har ers\u00e4ttning betalats ut f\u00f6r tila men, f\u00f6r sjukv\u00e5rdskostnader till f\u00f6ljd av skada och i vissa fall f\u00f6r inkomstbortfall. Menen har huvudsakligen varit lindriga. Kostnaderna ers\u00e4tts i enlighet med de faktiska kostnaderna och mot verifikat. Inkomstbortfall ers\u00e4tts i enlighet med faktiskt inkomstbortfall. Ers\u00e4ttning har betalats ut i de fall d\u00e4r symtomen orsakade av vaccinet har varat i minst 30 dagar eller de sjukv\u00e5rdskostnader eller inkomstbortfall som orsakats av besv\u00e4ret har \u00f6verstigit 85 euro.<\/p>\n<p>Hittills har ers\u00e4ttningar betalats enligt f\u00f6ljande: allergiska reaktioner: 22 % (i huvudsak eksem) av de jakande besluten, symtom i hj\u00e4rtat och blodk\u00e4rlen: 20 % (mest typiskt hj\u00e4rtmuskelinflammation), allm\u00e4nna symtom och lokala reaktioner: 20 %\u00a0 (bl.a. feber, sm\u00e4rta och v\u00e4rk, svullnad i den vaccinerade armen och \u00f6verg\u00e5ende tr\u00f6tthet), neurologiska symtom: 18 % (huvudv\u00e4rk samt vissa enskilda mer s\u00e4llsynta neurologiska symtom), st\u00f6rningar i immunf\u00f6rsvaret 10 %, muskel- och ledsm\u00e4rtor:\u00a0 6 % och andra symtom ca 4 %. \u00c4n s\u00e5 l\u00e4nge har inga allvarliga ok\u00e4nda biverkningar n\u00e4mnts i skadeanm\u00e4lningarna.<\/p>\n","protected":false},"excerpt":{"rendered":"<p>Information till medierna om vaccineringarna mot covid-19 OBS! I och med att vaccinationsprogrammet mot covid-19 framskrider mottar vi m\u00e5nga skadeanm\u00e4lningar och f\u00f6rfr\u00e5gningar. Vi koncentrerar oss nu p\u00e5 att handl\u00e4gga skadeanm\u00e4lningarna m\u00f6jligast effektivt. Av denna orsak kan det h\u00e4nda att du inte f\u00e5r kontakt med oss s\u00e5 snabbt som under normala omst\u00e4ndigheter. Vi besvarar f\u00f6rfr\u00e5gningar fr\u00e5n [&hellip;]<\/p>\n","protected":false},"author":3,"featured_media":0,"parent":0,"menu_order":0,"comment_status":"closed","ping_status":"closed","template":"","meta":{"_acf_changed":false,"footnotes":""},"class_list":["post-1931","page","type-page","status-publish","hentry"],"acf":[],"yoast_head":"<!-- This site is optimized with the Yoast SEO plugin v27.3 - https:\/\/yoast.com\/product\/yoast-seo-wordpress\/ -->\n<title>Media - Suomen Keskin\u00e4inen L\u00e4\u00e4kevahinkovakuutusyhti\u00f6<\/title>\n<meta name=\"robots\" content=\"index, follow, max-snippet:-1, max-image-preview:large, max-video-preview:-1\" \/>\n<link rel=\"canonical\" href=\"https:\/\/www.laakevahinko.fi\/sv\/media\/\" \/>\n<meta property=\"og:locale\" content=\"sv_SE\" \/>\n<meta property=\"og:type\" content=\"article\" \/>\n<meta property=\"og:title\" content=\"Media - Suomen Keskin\u00e4inen L\u00e4\u00e4kevahinkovakuutusyhti\u00f6\" \/>\n<meta property=\"og:description\" content=\"Information till medierna om vaccineringarna mot covid-19 OBS! I och med att vaccinationsprogrammet mot covid-19 framskrider mottar vi m\u00e5nga skadeanm\u00e4lningar och f\u00f6rfr\u00e5gningar. Vi koncentrerar oss nu p\u00e5 att handl\u00e4gga skadeanm\u00e4lningarna m\u00f6jligast effektivt. Av denna orsak kan det h\u00e4nda att du inte f\u00e5r kontakt med oss s\u00e5 snabbt som under normala omst\u00e4ndigheter. Vi besvarar f\u00f6rfr\u00e5gningar fr\u00e5n [&hellip;]\" \/>\n<meta property=\"og:url\" content=\"https:\/\/www.laakevahinko.fi\/sv\/media\/\" \/>\n<meta property=\"og:site_name\" content=\"Suomen Keskin\u00e4inen L\u00e4\u00e4kevahinkovakuutusyhti\u00f6\" \/>\n<meta property=\"article:modified_time\" content=\"2025-05-28T11:51:58+00:00\" \/>\n<meta name=\"twitter:card\" content=\"summary_large_image\" \/>\n<meta name=\"twitter:label1\" content=\"Ber\u00e4knad l\u00e4stid\" \/>\n\t<meta name=\"twitter:data1\" content=\"2 minuter\" \/>\n<script type=\"application\/ld+json\" class=\"yoast-schema-graph\">{\"@context\":\"https:\\\/\\\/schema.org\",\"@graph\":[{\"@type\":\"WebPage\",\"@id\":\"https:\\\/\\\/www.laakevahinko.fi\\\/sv\\\/media\\\/\",\"url\":\"https:\\\/\\\/www.laakevahinko.fi\\\/sv\\\/media\\\/\",\"name\":\"Media - Suomen Keskin\u00e4inen L\u00e4\u00e4kevahinkovakuutusyhti\u00f6\",\"isPartOf\":{\"@id\":\"https:\\\/\\\/www.laakevahinko.fi\\\/#website\"},\"datePublished\":\"2021-06-23T15:33:17+00:00\",\"dateModified\":\"2025-05-28T11:51:58+00:00\",\"breadcrumb\":{\"@id\":\"https:\\\/\\\/www.laakevahinko.fi\\\/sv\\\/media\\\/#breadcrumb\"},\"inLanguage\":\"sv-SE\",\"potentialAction\":[{\"@type\":\"ReadAction\",\"target\":[\"https:\\\/\\\/www.laakevahinko.fi\\\/sv\\\/media\\\/\"]}]},{\"@type\":\"BreadcrumbList\",\"@id\":\"https:\\\/\\\/www.laakevahinko.fi\\\/sv\\\/media\\\/#breadcrumb\",\"itemListElement\":[{\"@type\":\"ListItem\",\"position\":1,\"name\":\"Home\",\"item\":\"https:\\\/\\\/www.laakevahinko.fi\\\/sv\\\/\"},{\"@type\":\"ListItem\",\"position\":2,\"name\":\"Media\"}]},{\"@type\":\"WebSite\",\"@id\":\"https:\\\/\\\/www.laakevahinko.fi\\\/#website\",\"url\":\"https:\\\/\\\/www.laakevahinko.fi\\\/\",\"name\":\"Suomen Keskin\u00e4inen L\u00e4\u00e4kevahinkovakuutusyhti\u00f6\",\"description\":\"\",\"potentialAction\":[{\"@type\":\"SearchAction\",\"target\":{\"@type\":\"EntryPoint\",\"urlTemplate\":\"https:\\\/\\\/www.laakevahinko.fi\\\/?s={search_term_string}\"},\"query-input\":{\"@type\":\"PropertyValueSpecification\",\"valueRequired\":true,\"valueName\":\"search_term_string\"}}],\"inLanguage\":\"sv-SE\"}]}<\/script>\n<!-- \/ Yoast SEO plugin. -->","yoast_head_json":{"title":"Media - Suomen Keskin\u00e4inen L\u00e4\u00e4kevahinkovakuutusyhti\u00f6","robots":{"index":"index","follow":"follow","max-snippet":"max-snippet:-1","max-image-preview":"max-image-preview:large","max-video-preview":"max-video-preview:-1"},"canonical":"https:\/\/www.laakevahinko.fi\/sv\/media\/","og_locale":"sv_SE","og_type":"article","og_title":"Media - Suomen Keskin\u00e4inen L\u00e4\u00e4kevahinkovakuutusyhti\u00f6","og_description":"Information till medierna om vaccineringarna mot covid-19 OBS! I och med att vaccinationsprogrammet mot covid-19 framskrider mottar vi m\u00e5nga skadeanm\u00e4lningar och f\u00f6rfr\u00e5gningar. Vi koncentrerar oss nu p\u00e5 att handl\u00e4gga skadeanm\u00e4lningarna m\u00f6jligast effektivt. Av denna orsak kan det h\u00e4nda att du inte f\u00e5r kontakt med oss s\u00e5 snabbt som under normala omst\u00e4ndigheter. Vi besvarar f\u00f6rfr\u00e5gningar fr\u00e5n [&hellip;]","og_url":"https:\/\/www.laakevahinko.fi\/sv\/media\/","og_site_name":"Suomen Keskin\u00e4inen L\u00e4\u00e4kevahinkovakuutusyhti\u00f6","article_modified_time":"2025-05-28T11:51:58+00:00","twitter_card":"summary_large_image","twitter_misc":{"Ber\u00e4knad l\u00e4stid":"2 minuter"},"schema":{"@context":"https:\/\/schema.org","@graph":[{"@type":"WebPage","@id":"https:\/\/www.laakevahinko.fi\/sv\/media\/","url":"https:\/\/www.laakevahinko.fi\/sv\/media\/","name":"Media - Suomen Keskin\u00e4inen L\u00e4\u00e4kevahinkovakuutusyhti\u00f6","isPartOf":{"@id":"https:\/\/www.laakevahinko.fi\/#website"},"datePublished":"2021-06-23T15:33:17+00:00","dateModified":"2025-05-28T11:51:58+00:00","breadcrumb":{"@id":"https:\/\/www.laakevahinko.fi\/sv\/media\/#breadcrumb"},"inLanguage":"sv-SE","potentialAction":[{"@type":"ReadAction","target":["https:\/\/www.laakevahinko.fi\/sv\/media\/"]}]},{"@type":"BreadcrumbList","@id":"https:\/\/www.laakevahinko.fi\/sv\/media\/#breadcrumb","itemListElement":[{"@type":"ListItem","position":1,"name":"Home","item":"https:\/\/www.laakevahinko.fi\/sv\/"},{"@type":"ListItem","position":2,"name":"Media"}]},{"@type":"WebSite","@id":"https:\/\/www.laakevahinko.fi\/#website","url":"https:\/\/www.laakevahinko.fi\/","name":"Suomen Keskin\u00e4inen L\u00e4\u00e4kevahinkovakuutusyhti\u00f6","description":"","potentialAction":[{"@type":"SearchAction","target":{"@type":"EntryPoint","urlTemplate":"https:\/\/www.laakevahinko.fi\/?s={search_term_string}"},"query-input":{"@type":"PropertyValueSpecification","valueRequired":true,"valueName":"search_term_string"}}],"inLanguage":"sv-SE"}]}},"_links":{"self":[{"href":"https:\/\/www.laakevahinko.fi\/sv\/wp-json\/wp\/v2\/pages\/1931","targetHints":{"allow":["GET"]}}],"collection":[{"href":"https:\/\/www.laakevahinko.fi\/sv\/wp-json\/wp\/v2\/pages"}],"about":[{"href":"https:\/\/www.laakevahinko.fi\/sv\/wp-json\/wp\/v2\/types\/page"}],"author":[{"embeddable":true,"href":"https:\/\/www.laakevahinko.fi\/sv\/wp-json\/wp\/v2\/users\/3"}],"replies":[{"embeddable":true,"href":"https:\/\/www.laakevahinko.fi\/sv\/wp-json\/wp\/v2\/comments?post=1931"}],"version-history":[{"count":118,"href":"https:\/\/www.laakevahinko.fi\/sv\/wp-json\/wp\/v2\/pages\/1931\/revisions"}],"predecessor-version":[{"id":3079,"href":"https:\/\/www.laakevahinko.fi\/sv\/wp-json\/wp\/v2\/pages\/1931\/revisions\/3079"}],"wp:attachment":[{"href":"https:\/\/www.laakevahinko.fi\/sv\/wp-json\/wp\/v2\/media?parent=1931"}],"curies":[{"name":"wp","href":"https:\/\/api.w.org\/{rel}","templated":true}]}}