{"id":1785,"date":"2021-02-19T16:34:49","date_gmt":"2021-02-19T14:34:49","guid":{"rendered":"https:\/\/www.laakevahinko.fi\/?page_id=1785"},"modified":"2026-02-12T13:02:00","modified_gmt":"2026-02-12T11:02:00","slug":"esimerkkitapaukset-usein-kysyttya","status":"publish","type":"page","link":"https:\/\/www.laakevahinko.fi\/sv\/esimerkkitapaukset-usein-kysyttya\/","title":{"rendered":"Coronavacciner"},"content":{"rendered":"<p>Om du har f\u00e5tt en injektion av ett coronavaccin i Finland och vaccinet har orsakat en skada hos dig, kan du ans\u00f6ka om ers\u00e4ttning genom l\u00e4kemedelsskadef\u00f6rs\u00e4kringen.<\/p>\n<p>Du ans\u00f6ker om ers\u00e4ttning genom att fylla i en skadeanm\u00e4lningsblankett och skicka den till Finska \u00d6msesidiga L\u00e4kemedelsskadef\u00f6rs\u00e4kringsbolaget. <strong>Vid utredningen av vaccinskadan beh\u00f6vs den skadelidandes patientjournaler betr\u00e4ffande den uppkomna skadan.<\/strong> Du beh\u00f6ver inte sj\u00e4lv inf\u00f6rskaffa dokumenten, utan f\u00f6rs\u00e4kringsbolaget inf\u00f6rskaffar de dokument som beh\u00f6vs f\u00f6r handl\u00e4ggningen av \u00e4rendet. N\u00e4r du g\u00f6r din skadeanm\u00e4lan, kom ih\u00e5g att meddela vid vilken v\u00e5rdinr\u00e4ttning du behandlats f\u00f6r vaccinskadan. Detta p\u00e5skyndar handl\u00e4ggningen av \u00e4rendet. <strong>V\u00e4nligen observera, att vi har inte tillg\u00e5ng till dina uppgifter i Kanta.fi.<\/strong><\/p>\n<p>Lindriga skador ers\u00e4tts inte. L\u00e4kemedelsskadef\u00f6rs\u00e4kringen omfattar vaccinskador som \u00e4r allvarligare \u00e4n lindriga skador och som orsakat en personskada hos den vaccinerade personen. Ers\u00e4ttning kan s\u00f6kas om den skada som vaccinet har orsakat inte har g\u00e5tt \u00f6ver inom 30 dagar eller om den medf\u00f6rt sjukv\u00e5rdskostnader eller inkomstf\u00f6rluster som \u00f6verstiger 85 euro.<\/p>\n<p><strong>Nedan kan du l\u00e4sa fr\u00e5gor och svar betr\u00e4ffande ers\u00e4ttning av skador som f\u00f6rorsakats av coronavacciner.<\/strong><\/p>\n","protected":false},"excerpt":{"rendered":"<p>Om du har f\u00e5tt en injektion av ett coronavaccin i Finland och vaccinet har orsakat en skada hos dig, kan du ans\u00f6ka om ers\u00e4ttning genom l\u00e4kemedelsskadef\u00f6rs\u00e4kringen. Du ans\u00f6ker om ers\u00e4ttning genom att fylla i en skadeanm\u00e4lningsblankett och skicka den till Finska \u00d6msesidiga L\u00e4kemedelsskadef\u00f6rs\u00e4kringsbolaget. Vid utredningen av vaccinskadan beh\u00f6vs den skadelidandes patientjournaler betr\u00e4ffande den uppkomna skadan. [&hellip;]<\/p>\n","protected":false},"author":1,"featured_media":0,"parent":0,"menu_order":0,"comment_status":"closed","ping_status":"closed","template":"","meta":{"_acf_changed":false,"footnotes":""},"class_list":["post-1785","page","type-page","status-publish","hentry"],"acf":[],"yoast_head":"<!-- This site is optimized with the Yoast SEO plugin v27.4 - https:\/\/yoast.com\/product\/yoast-seo-wordpress\/ -->\n<title>Coronavacciner - Suomen Keskin\u00e4inen L\u00e4\u00e4kevahinkovakuutusyhti\u00f6<\/title>\n<meta name=\"robots\" content=\"index, follow, max-snippet:-1, max-image-preview:large, max-video-preview:-1\" \/>\n<link rel=\"canonical\" href=\"https:\/\/www.laakevahinko.fi\/sv\/esimerkkitapaukset-usein-kysyttya\/\" \/>\n<meta property=\"og:locale\" content=\"sv_SE\" \/>\n<meta property=\"og:type\" content=\"article\" \/>\n<meta property=\"og:title\" content=\"Coronavacciner - Suomen Keskin\u00e4inen L\u00e4\u00e4kevahinkovakuutusyhti\u00f6\" \/>\n<meta property=\"og:description\" content=\"Om du har f\u00e5tt en injektion av ett coronavaccin i Finland och vaccinet har orsakat en skada hos dig, kan du ans\u00f6ka om ers\u00e4ttning genom l\u00e4kemedelsskadef\u00f6rs\u00e4kringen. Du ans\u00f6ker om ers\u00e4ttning genom att fylla i en skadeanm\u00e4lningsblankett och skicka den till Finska \u00d6msesidiga L\u00e4kemedelsskadef\u00f6rs\u00e4kringsbolaget. Vid utredningen av vaccinskadan beh\u00f6vs den skadelidandes patientjournaler betr\u00e4ffande den uppkomna skadan. [&hellip;]\" \/>\n<meta property=\"og:url\" content=\"https:\/\/www.laakevahinko.fi\/sv\/esimerkkitapaukset-usein-kysyttya\/\" \/>\n<meta property=\"og:site_name\" content=\"Suomen Keskin\u00e4inen L\u00e4\u00e4kevahinkovakuutusyhti\u00f6\" \/>\n<meta property=\"article:modified_time\" content=\"2026-02-12T11:02:00+00:00\" \/>\n<meta name=\"twitter:card\" content=\"summary_large_image\" \/>\n<meta name=\"twitter:label1\" content=\"Ber\u00e4knad l\u00e4stid\" \/>\n\t<meta name=\"twitter:data1\" content=\"2 minuter\" \/>\n<script type=\"application\/ld+json\" class=\"yoast-schema-graph\">{\"@context\":\"https:\\\/\\\/schema.org\",\"@graph\":[{\"@type\":\"WebPage\",\"@id\":\"https:\\\/\\\/www.laakevahinko.fi\\\/sv\\\/esimerkkitapaukset-usein-kysyttya\\\/\",\"url\":\"https:\\\/\\\/www.laakevahinko.fi\\\/sv\\\/esimerkkitapaukset-usein-kysyttya\\\/\",\"name\":\"Coronavacciner - Suomen Keskin\u00e4inen L\u00e4\u00e4kevahinkovakuutusyhti\u00f6\",\"isPartOf\":{\"@id\":\"https:\\\/\\\/www.laakevahinko.fi\\\/#website\"},\"datePublished\":\"2021-02-19T14:34:49+00:00\",\"dateModified\":\"2026-02-12T11:02:00+00:00\",\"breadcrumb\":{\"@id\":\"https:\\\/\\\/www.laakevahinko.fi\\\/sv\\\/esimerkkitapaukset-usein-kysyttya\\\/#breadcrumb\"},\"inLanguage\":\"sv-SE\",\"potentialAction\":[{\"@type\":\"ReadAction\",\"target\":[\"https:\\\/\\\/www.laakevahinko.fi\\\/sv\\\/esimerkkitapaukset-usein-kysyttya\\\/\"]}]},{\"@type\":\"BreadcrumbList\",\"@id\":\"https:\\\/\\\/www.laakevahinko.fi\\\/sv\\\/esimerkkitapaukset-usein-kysyttya\\\/#breadcrumb\",\"itemListElement\":[{\"@type\":\"ListItem\",\"position\":1,\"name\":\"Home\",\"item\":\"https:\\\/\\\/www.laakevahinko.fi\\\/sv\\\/\"},{\"@type\":\"ListItem\",\"position\":2,\"name\":\"Coronavacciner\"}]},{\"@type\":\"WebSite\",\"@id\":\"https:\\\/\\\/www.laakevahinko.fi\\\/#website\",\"url\":\"https:\\\/\\\/www.laakevahinko.fi\\\/\",\"name\":\"Suomen Keskin\u00e4inen L\u00e4\u00e4kevahinkovakuutusyhti\u00f6\",\"description\":\"\",\"potentialAction\":[{\"@type\":\"SearchAction\",\"target\":{\"@type\":\"EntryPoint\",\"urlTemplate\":\"https:\\\/\\\/www.laakevahinko.fi\\\/?s={search_term_string}\"},\"query-input\":{\"@type\":\"PropertyValueSpecification\",\"valueRequired\":true,\"valueName\":\"search_term_string\"}}],\"inLanguage\":\"sv-SE\"}]}<\/script>\n<!-- \/ Yoast SEO plugin. -->","yoast_head_json":{"title":"Coronavacciner - Suomen Keskin\u00e4inen L\u00e4\u00e4kevahinkovakuutusyhti\u00f6","robots":{"index":"index","follow":"follow","max-snippet":"max-snippet:-1","max-image-preview":"max-image-preview:large","max-video-preview":"max-video-preview:-1"},"canonical":"https:\/\/www.laakevahinko.fi\/sv\/esimerkkitapaukset-usein-kysyttya\/","og_locale":"sv_SE","og_type":"article","og_title":"Coronavacciner - Suomen Keskin\u00e4inen L\u00e4\u00e4kevahinkovakuutusyhti\u00f6","og_description":"Om du har f\u00e5tt en injektion av ett coronavaccin i Finland och vaccinet har orsakat en skada hos dig, kan du ans\u00f6ka om ers\u00e4ttning genom l\u00e4kemedelsskadef\u00f6rs\u00e4kringen. Du ans\u00f6ker om ers\u00e4ttning genom att fylla i en skadeanm\u00e4lningsblankett och skicka den till Finska \u00d6msesidiga L\u00e4kemedelsskadef\u00f6rs\u00e4kringsbolaget. Vid utredningen av vaccinskadan beh\u00f6vs den skadelidandes patientjournaler betr\u00e4ffande den uppkomna skadan. [&hellip;]","og_url":"https:\/\/www.laakevahinko.fi\/sv\/esimerkkitapaukset-usein-kysyttya\/","og_site_name":"Suomen Keskin\u00e4inen L\u00e4\u00e4kevahinkovakuutusyhti\u00f6","article_modified_time":"2026-02-12T11:02:00+00:00","twitter_card":"summary_large_image","twitter_misc":{"Ber\u00e4knad l\u00e4stid":"2 minuter"},"schema":{"@context":"https:\/\/schema.org","@graph":[{"@type":"WebPage","@id":"https:\/\/www.laakevahinko.fi\/sv\/esimerkkitapaukset-usein-kysyttya\/","url":"https:\/\/www.laakevahinko.fi\/sv\/esimerkkitapaukset-usein-kysyttya\/","name":"Coronavacciner - Suomen Keskin\u00e4inen L\u00e4\u00e4kevahinkovakuutusyhti\u00f6","isPartOf":{"@id":"https:\/\/www.laakevahinko.fi\/#website"},"datePublished":"2021-02-19T14:34:49+00:00","dateModified":"2026-02-12T11:02:00+00:00","breadcrumb":{"@id":"https:\/\/www.laakevahinko.fi\/sv\/esimerkkitapaukset-usein-kysyttya\/#breadcrumb"},"inLanguage":"sv-SE","potentialAction":[{"@type":"ReadAction","target":["https:\/\/www.laakevahinko.fi\/sv\/esimerkkitapaukset-usein-kysyttya\/"]}]},{"@type":"BreadcrumbList","@id":"https:\/\/www.laakevahinko.fi\/sv\/esimerkkitapaukset-usein-kysyttya\/#breadcrumb","itemListElement":[{"@type":"ListItem","position":1,"name":"Home","item":"https:\/\/www.laakevahinko.fi\/sv\/"},{"@type":"ListItem","position":2,"name":"Coronavacciner"}]},{"@type":"WebSite","@id":"https:\/\/www.laakevahinko.fi\/#website","url":"https:\/\/www.laakevahinko.fi\/","name":"Suomen Keskin\u00e4inen L\u00e4\u00e4kevahinkovakuutusyhti\u00f6","description":"","potentialAction":[{"@type":"SearchAction","target":{"@type":"EntryPoint","urlTemplate":"https:\/\/www.laakevahinko.fi\/?s={search_term_string}"},"query-input":{"@type":"PropertyValueSpecification","valueRequired":true,"valueName":"search_term_string"}}],"inLanguage":"sv-SE"}]}},"_links":{"self":[{"href":"https:\/\/www.laakevahinko.fi\/sv\/wp-json\/wp\/v2\/pages\/1785","targetHints":{"allow":["GET"]}}],"collection":[{"href":"https:\/\/www.laakevahinko.fi\/sv\/wp-json\/wp\/v2\/pages"}],"about":[{"href":"https:\/\/www.laakevahinko.fi\/sv\/wp-json\/wp\/v2\/types\/page"}],"author":[{"embeddable":true,"href":"https:\/\/www.laakevahinko.fi\/sv\/wp-json\/wp\/v2\/users\/1"}],"replies":[{"embeddable":true,"href":"https:\/\/www.laakevahinko.fi\/sv\/wp-json\/wp\/v2\/comments?post=1785"}],"version-history":[{"count":95,"href":"https:\/\/www.laakevahinko.fi\/sv\/wp-json\/wp\/v2\/pages\/1785\/revisions"}],"predecessor-version":[{"id":3237,"href":"https:\/\/www.laakevahinko.fi\/sv\/wp-json\/wp\/v2\/pages\/1785\/revisions\/3237"}],"wp:attachment":[{"href":"https:\/\/www.laakevahinko.fi\/sv\/wp-json\/wp\/v2\/media?parent=1785"}],"curies":[{"name":"wp","href":"https:\/\/api.w.org\/{rel}","templated":true}]}}