{"id":967,"date":"2018-04-23T10:05:53","date_gmt":"2018-04-23T07:05:53","guid":{"rendered":"https:\/\/www.laakevahinko.fi\/korvauskasittely\/"},"modified":"2026-02-12T13:04:42","modified_gmt":"2026-02-12T11:04:42","slug":"korvauskasittely","status":"publish","type":"page","link":"https:\/\/www.laakevahinko.fi\/en\/potilaille\/korvauskasittely\/","title":{"rendered":"Claims handling"},"content":{"rendered":"","protected":false},"excerpt":{"rendered":"","protected":false},"author":1,"featured_media":0,"parent":981,"menu_order":0,"comment_status":"closed","ping_status":"closed","template":"","meta":{"_acf_changed":false,"footnotes":""},"class_list":["post-967","page","type-page","status-publish","hentry"],"acf":[],"yoast_head":"<!-- This site is optimized with the Yoast SEO plugin v27.4 - https:\/\/yoast.com\/product\/yoast-seo-wordpress\/ -->\n<title>Claims handling - Suomen Keskin\u00e4inen L\u00e4\u00e4kevahinkovakuutusyhti\u00f6<\/title>\n<meta name=\"robots\" content=\"index, follow, max-snippet:-1, max-image-preview:large, max-video-preview:-1\" \/>\n<link rel=\"canonical\" href=\"https:\/\/www.laakevahinko.fi\/en\/potilaille\/korvauskasittely\/\" \/>\n<meta property=\"og:locale\" content=\"en_US\" \/>\n<meta property=\"og:type\" content=\"article\" \/>\n<meta property=\"og:title\" content=\"Claims handling - Suomen Keskin\u00e4inen L\u00e4\u00e4kevahinkovakuutusyhti\u00f6\" \/>\n<meta property=\"og:url\" content=\"https:\/\/www.laakevahinko.fi\/en\/potilaille\/korvauskasittely\/\" \/>\n<meta property=\"og:site_name\" content=\"Suomen Keskin\u00e4inen L\u00e4\u00e4kevahinkovakuutusyhti\u00f6\" \/>\n<meta property=\"article:modified_time\" content=\"2026-02-12T11:04:42+00:00\" \/>\n<meta name=\"twitter:card\" content=\"summary_large_image\" \/>\n<script type=\"application\/ld+json\" class=\"yoast-schema-graph\">{\"@context\":\"https:\\\/\\\/schema.org\",\"@graph\":[{\"@type\":\"WebPage\",\"@id\":\"https:\\\/\\\/www.laakevahinko.fi\\\/en\\\/potilaille\\\/korvauskasittely\\\/\",\"url\":\"https:\\\/\\\/www.laakevahinko.fi\\\/en\\\/potilaille\\\/korvauskasittely\\\/\",\"name\":\"Claims handling - Suomen Keskin\u00e4inen L\u00e4\u00e4kevahinkovakuutusyhti\u00f6\",\"isPartOf\":{\"@id\":\"https:\\\/\\\/www.laakevahinko.fi\\\/#website\"},\"datePublished\":\"2018-04-23T07:05:53+00:00\",\"dateModified\":\"2026-02-12T11:04:42+00:00\",\"breadcrumb\":{\"@id\":\"https:\\\/\\\/www.laakevahinko.fi\\\/en\\\/potilaille\\\/korvauskasittely\\\/#breadcrumb\"},\"inLanguage\":\"en-US\",\"potentialAction\":[{\"@type\":\"ReadAction\",\"target\":[\"https:\\\/\\\/www.laakevahinko.fi\\\/en\\\/potilaille\\\/korvauskasittely\\\/\"]}]},{\"@type\":\"BreadcrumbList\",\"@id\":\"https:\\\/\\\/www.laakevahinko.fi\\\/en\\\/potilaille\\\/korvauskasittely\\\/#breadcrumb\",\"itemListElement\":[{\"@type\":\"ListItem\",\"position\":1,\"name\":\"Home\",\"item\":\"https:\\\/\\\/www.laakevahinko.fi\\\/en\\\/\"},{\"@type\":\"ListItem\",\"position\":2,\"name\":\"For those seeking compensation\",\"item\":\"https:\\\/\\\/www.laakevahinko.fi\\\/en\\\/potilaille\\\/\"},{\"@type\":\"ListItem\",\"position\":3,\"name\":\"Claims handling\"}]},{\"@type\":\"WebSite\",\"@id\":\"https:\\\/\\\/www.laakevahinko.fi\\\/#website\",\"url\":\"https:\\\/\\\/www.laakevahinko.fi\\\/\",\"name\":\"Suomen Keskin\u00e4inen L\u00e4\u00e4kevahinkovakuutusyhti\u00f6\",\"description\":\"\",\"potentialAction\":[{\"@type\":\"SearchAction\",\"target\":{\"@type\":\"EntryPoint\",\"urlTemplate\":\"https:\\\/\\\/www.laakevahinko.fi\\\/?s={search_term_string}\"},\"query-input\":{\"@type\":\"PropertyValueSpecification\",\"valueRequired\":true,\"valueName\":\"search_term_string\"}}],\"inLanguage\":\"en-US\"}]}<\/script>\n<!-- \/ Yoast SEO plugin. -->","yoast_head_json":{"title":"Claims handling - Suomen Keskin\u00e4inen L\u00e4\u00e4kevahinkovakuutusyhti\u00f6","robots":{"index":"index","follow":"follow","max-snippet":"max-snippet:-1","max-image-preview":"max-image-preview:large","max-video-preview":"max-video-preview:-1"},"canonical":"https:\/\/www.laakevahinko.fi\/en\/potilaille\/korvauskasittely\/","og_locale":"en_US","og_type":"article","og_title":"Claims handling - Suomen Keskin\u00e4inen L\u00e4\u00e4kevahinkovakuutusyhti\u00f6","og_url":"https:\/\/www.laakevahinko.fi\/en\/potilaille\/korvauskasittely\/","og_site_name":"Suomen Keskin\u00e4inen L\u00e4\u00e4kevahinkovakuutusyhti\u00f6","article_modified_time":"2026-02-12T11:04:42+00:00","twitter_card":"summary_large_image","schema":{"@context":"https:\/\/schema.org","@graph":[{"@type":"WebPage","@id":"https:\/\/www.laakevahinko.fi\/en\/potilaille\/korvauskasittely\/","url":"https:\/\/www.laakevahinko.fi\/en\/potilaille\/korvauskasittely\/","name":"Claims handling - Suomen Keskin\u00e4inen L\u00e4\u00e4kevahinkovakuutusyhti\u00f6","isPartOf":{"@id":"https:\/\/www.laakevahinko.fi\/#website"},"datePublished":"2018-04-23T07:05:53+00:00","dateModified":"2026-02-12T11:04:42+00:00","breadcrumb":{"@id":"https:\/\/www.laakevahinko.fi\/en\/potilaille\/korvauskasittely\/#breadcrumb"},"inLanguage":"en-US","potentialAction":[{"@type":"ReadAction","target":["https:\/\/www.laakevahinko.fi\/en\/potilaille\/korvauskasittely\/"]}]},{"@type":"BreadcrumbList","@id":"https:\/\/www.laakevahinko.fi\/en\/potilaille\/korvauskasittely\/#breadcrumb","itemListElement":[{"@type":"ListItem","position":1,"name":"Home","item":"https:\/\/www.laakevahinko.fi\/en\/"},{"@type":"ListItem","position":2,"name":"For those seeking compensation","item":"https:\/\/www.laakevahinko.fi\/en\/potilaille\/"},{"@type":"ListItem","position":3,"name":"Claims handling"}]},{"@type":"WebSite","@id":"https:\/\/www.laakevahinko.fi\/#website","url":"https:\/\/www.laakevahinko.fi\/","name":"Suomen Keskin\u00e4inen L\u00e4\u00e4kevahinkovakuutusyhti\u00f6","description":"","potentialAction":[{"@type":"SearchAction","target":{"@type":"EntryPoint","urlTemplate":"https:\/\/www.laakevahinko.fi\/?s={search_term_string}"},"query-input":{"@type":"PropertyValueSpecification","valueRequired":true,"valueName":"search_term_string"}}],"inLanguage":"en-US"}]}},"_links":{"self":[{"href":"https:\/\/www.laakevahinko.fi\/en\/wp-json\/wp\/v2\/pages\/967","targetHints":{"allow":["GET"]}}],"collection":[{"href":"https:\/\/www.laakevahinko.fi\/en\/wp-json\/wp\/v2\/pages"}],"about":[{"href":"https:\/\/www.laakevahinko.fi\/en\/wp-json\/wp\/v2\/types\/page"}],"author":[{"embeddable":true,"href":"https:\/\/www.laakevahinko.fi\/en\/wp-json\/wp\/v2\/users\/1"}],"replies":[{"embeddable":true,"href":"https:\/\/www.laakevahinko.fi\/en\/wp-json\/wp\/v2\/comments?post=967"}],"version-history":[{"count":7,"href":"https:\/\/www.laakevahinko.fi\/en\/wp-json\/wp\/v2\/pages\/967\/revisions"}],"predecessor-version":[{"id":3240,"href":"https:\/\/www.laakevahinko.fi\/en\/wp-json\/wp\/v2\/pages\/967\/revisions\/3240"}],"up":[{"embeddable":true,"href":"https:\/\/www.laakevahinko.fi\/en\/wp-json\/wp\/v2\/pages\/981"}],"wp:attachment":[{"href":"https:\/\/www.laakevahinko.fi\/en\/wp-json\/wp\/v2\/media?parent=967"}],"curies":[{"name":"wp","href":"https:\/\/api.w.org\/{rel}","templated":true}]}}