{"id":952,"date":"2018-04-23T12:42:49","date_gmt":"2018-04-23T09:42:49","guid":{"rendered":"https:\/\/www.laakevahinko.fi\/esimerkkitapaukset-usein-kysyttya\/"},"modified":"2026-02-25T08:21:15","modified_gmt":"2026-02-25T06:21:15","slug":"esimerkkitapaukset-usein-kysyttya","status":"publish","type":"page","link":"https:\/\/www.laakevahinko.fi\/en\/tietoa-laakevahinkovakuutuksesta\/esimerkkitapaukset-usein-kysyttya\/","title":{"rendered":"Frequently asked questions"},"content":{"rendered":"","protected":false},"excerpt":{"rendered":"","protected":false},"author":1,"featured_media":0,"parent":954,"menu_order":0,"comment_status":"closed","ping_status":"closed","template":"","meta":{"_acf_changed":false,"footnotes":""},"class_list":["post-952","page","type-page","status-publish","hentry"],"acf":[],"yoast_head":"<!-- This site is optimized with the Yoast SEO plugin v27.4 - https:\/\/yoast.com\/product\/yoast-seo-wordpress\/ -->\n<title>Frequently asked questions - Suomen Keskin\u00e4inen L\u00e4\u00e4kevahinkovakuutusyhti\u00f6<\/title>\n<meta name=\"robots\" content=\"index, follow, max-snippet:-1, max-image-preview:large, max-video-preview:-1\" \/>\n<link rel=\"canonical\" href=\"https:\/\/www.laakevahinko.fi\/en\/tietoa-laakevahinkovakuutuksesta\/esimerkkitapaukset-usein-kysyttya\/\" \/>\n<meta property=\"og:locale\" content=\"en_US\" \/>\n<meta property=\"og:type\" content=\"article\" \/>\n<meta property=\"og:title\" content=\"Frequently asked questions - Suomen Keskin\u00e4inen L\u00e4\u00e4kevahinkovakuutusyhti\u00f6\" \/>\n<meta property=\"og:url\" content=\"https:\/\/www.laakevahinko.fi\/en\/tietoa-laakevahinkovakuutuksesta\/esimerkkitapaukset-usein-kysyttya\/\" \/>\n<meta property=\"og:site_name\" content=\"Suomen Keskin\u00e4inen L\u00e4\u00e4kevahinkovakuutusyhti\u00f6\" \/>\n<meta property=\"article:modified_time\" content=\"2026-02-25T06:21:15+00:00\" \/>\n<meta name=\"twitter:card\" content=\"summary_large_image\" \/>\n<script type=\"application\/ld+json\" class=\"yoast-schema-graph\">{\"@context\":\"https:\\\/\\\/schema.org\",\"@graph\":[{\"@type\":\"WebPage\",\"@id\":\"https:\\\/\\\/www.laakevahinko.fi\\\/en\\\/tietoa-laakevahinkovakuutuksesta\\\/esimerkkitapaukset-usein-kysyttya\\\/\",\"url\":\"https:\\\/\\\/www.laakevahinko.fi\\\/en\\\/tietoa-laakevahinkovakuutuksesta\\\/esimerkkitapaukset-usein-kysyttya\\\/\",\"name\":\"Frequently asked questions - Suomen Keskin\u00e4inen L\u00e4\u00e4kevahinkovakuutusyhti\u00f6\",\"isPartOf\":{\"@id\":\"https:\\\/\\\/www.laakevahinko.fi\\\/#website\"},\"datePublished\":\"2018-04-23T09:42:49+00:00\",\"dateModified\":\"2026-02-25T06:21:15+00:00\",\"breadcrumb\":{\"@id\":\"https:\\\/\\\/www.laakevahinko.fi\\\/en\\\/tietoa-laakevahinkovakuutuksesta\\\/esimerkkitapaukset-usein-kysyttya\\\/#breadcrumb\"},\"inLanguage\":\"en-US\",\"potentialAction\":[{\"@type\":\"ReadAction\",\"target\":[\"https:\\\/\\\/www.laakevahinko.fi\\\/en\\\/tietoa-laakevahinkovakuutuksesta\\\/esimerkkitapaukset-usein-kysyttya\\\/\"]}]},{\"@type\":\"BreadcrumbList\",\"@id\":\"https:\\\/\\\/www.laakevahinko.fi\\\/en\\\/tietoa-laakevahinkovakuutuksesta\\\/esimerkkitapaukset-usein-kysyttya\\\/#breadcrumb\",\"itemListElement\":[{\"@type\":\"ListItem\",\"position\":1,\"name\":\"Home\",\"item\":\"https:\\\/\\\/www.laakevahinko.fi\\\/en\\\/\"},{\"@type\":\"ListItem\",\"position\":2,\"name\":\"About the pharmaceutical injuries insurance\",\"item\":\"https:\\\/\\\/www.laakevahinko.fi\\\/en\\\/tietoa-laakevahinkovakuutuksesta\\\/\"},{\"@type\":\"ListItem\",\"position\":3,\"name\":\"Frequently asked questions\"}]},{\"@type\":\"WebSite\",\"@id\":\"https:\\\/\\\/www.laakevahinko.fi\\\/#website\",\"url\":\"https:\\\/\\\/www.laakevahinko.fi\\\/\",\"name\":\"Suomen Keskin\u00e4inen L\u00e4\u00e4kevahinkovakuutusyhti\u00f6\",\"description\":\"\",\"potentialAction\":[{\"@type\":\"SearchAction\",\"target\":{\"@type\":\"EntryPoint\",\"urlTemplate\":\"https:\\\/\\\/www.laakevahinko.fi\\\/?s={search_term_string}\"},\"query-input\":{\"@type\":\"PropertyValueSpecification\",\"valueRequired\":true,\"valueName\":\"search_term_string\"}}],\"inLanguage\":\"en-US\"}]}<\/script>\n<!-- \/ Yoast SEO plugin. -->","yoast_head_json":{"title":"Frequently asked questions - Suomen Keskin\u00e4inen L\u00e4\u00e4kevahinkovakuutusyhti\u00f6","robots":{"index":"index","follow":"follow","max-snippet":"max-snippet:-1","max-image-preview":"max-image-preview:large","max-video-preview":"max-video-preview:-1"},"canonical":"https:\/\/www.laakevahinko.fi\/en\/tietoa-laakevahinkovakuutuksesta\/esimerkkitapaukset-usein-kysyttya\/","og_locale":"en_US","og_type":"article","og_title":"Frequently asked questions - Suomen Keskin\u00e4inen L\u00e4\u00e4kevahinkovakuutusyhti\u00f6","og_url":"https:\/\/www.laakevahinko.fi\/en\/tietoa-laakevahinkovakuutuksesta\/esimerkkitapaukset-usein-kysyttya\/","og_site_name":"Suomen Keskin\u00e4inen L\u00e4\u00e4kevahinkovakuutusyhti\u00f6","article_modified_time":"2026-02-25T06:21:15+00:00","twitter_card":"summary_large_image","schema":{"@context":"https:\/\/schema.org","@graph":[{"@type":"WebPage","@id":"https:\/\/www.laakevahinko.fi\/en\/tietoa-laakevahinkovakuutuksesta\/esimerkkitapaukset-usein-kysyttya\/","url":"https:\/\/www.laakevahinko.fi\/en\/tietoa-laakevahinkovakuutuksesta\/esimerkkitapaukset-usein-kysyttya\/","name":"Frequently asked questions - Suomen Keskin\u00e4inen L\u00e4\u00e4kevahinkovakuutusyhti\u00f6","isPartOf":{"@id":"https:\/\/www.laakevahinko.fi\/#website"},"datePublished":"2018-04-23T09:42:49+00:00","dateModified":"2026-02-25T06:21:15+00:00","breadcrumb":{"@id":"https:\/\/www.laakevahinko.fi\/en\/tietoa-laakevahinkovakuutuksesta\/esimerkkitapaukset-usein-kysyttya\/#breadcrumb"},"inLanguage":"en-US","potentialAction":[{"@type":"ReadAction","target":["https:\/\/www.laakevahinko.fi\/en\/tietoa-laakevahinkovakuutuksesta\/esimerkkitapaukset-usein-kysyttya\/"]}]},{"@type":"BreadcrumbList","@id":"https:\/\/www.laakevahinko.fi\/en\/tietoa-laakevahinkovakuutuksesta\/esimerkkitapaukset-usein-kysyttya\/#breadcrumb","itemListElement":[{"@type":"ListItem","position":1,"name":"Home","item":"https:\/\/www.laakevahinko.fi\/en\/"},{"@type":"ListItem","position":2,"name":"About the pharmaceutical injuries insurance","item":"https:\/\/www.laakevahinko.fi\/en\/tietoa-laakevahinkovakuutuksesta\/"},{"@type":"ListItem","position":3,"name":"Frequently asked questions"}]},{"@type":"WebSite","@id":"https:\/\/www.laakevahinko.fi\/#website","url":"https:\/\/www.laakevahinko.fi\/","name":"Suomen Keskin\u00e4inen L\u00e4\u00e4kevahinkovakuutusyhti\u00f6","description":"","potentialAction":[{"@type":"SearchAction","target":{"@type":"EntryPoint","urlTemplate":"https:\/\/www.laakevahinko.fi\/?s={search_term_string}"},"query-input":{"@type":"PropertyValueSpecification","valueRequired":true,"valueName":"search_term_string"}}],"inLanguage":"en-US"}]}},"_links":{"self":[{"href":"https:\/\/www.laakevahinko.fi\/en\/wp-json\/wp\/v2\/pages\/952","targetHints":{"allow":["GET"]}}],"collection":[{"href":"https:\/\/www.laakevahinko.fi\/en\/wp-json\/wp\/v2\/pages"}],"about":[{"href":"https:\/\/www.laakevahinko.fi\/en\/wp-json\/wp\/v2\/types\/page"}],"author":[{"embeddable":true,"href":"https:\/\/www.laakevahinko.fi\/en\/wp-json\/wp\/v2\/users\/1"}],"replies":[{"embeddable":true,"href":"https:\/\/www.laakevahinko.fi\/en\/wp-json\/wp\/v2\/comments?post=952"}],"version-history":[{"count":36,"href":"https:\/\/www.laakevahinko.fi\/en\/wp-json\/wp\/v2\/pages\/952\/revisions"}],"predecessor-version":[{"id":3246,"href":"https:\/\/www.laakevahinko.fi\/en\/wp-json\/wp\/v2\/pages\/952\/revisions\/3246"}],"up":[{"embeddable":true,"href":"https:\/\/www.laakevahinko.fi\/en\/wp-json\/wp\/v2\/pages\/954"}],"wp:attachment":[{"href":"https:\/\/www.laakevahinko.fi\/en\/wp-json\/wp\/v2\/media?parent=952"}],"curies":[{"name":"wp","href":"https:\/\/api.w.org\/{rel}","templated":true}]}}