{"id":1930,"date":"2021-06-23T18:25:03","date_gmt":"2021-06-23T15:25:03","guid":{"rendered":"https:\/\/www.laakevahinko.fi\/?page_id=1930"},"modified":"2025-05-28T14:52:27","modified_gmt":"2025-05-28T11:52:27","slug":"media","status":"publish","type":"page","link":"https:\/\/www.laakevahinko.fi\/en\/media\/","title":{"rendered":"Media"},"content":{"rendered":"<p><strong>Coronavirus vaccine information for the media<\/strong><\/p>\n<p>PLEASE NOTE! We are receiving a lot of claims and contacts as the coronavirus vaccination programme progresses. We are now focusing on processing injury reports with optimal efficiency. You may accordingly not be able to contact us as quickly as usual. We respond to media inquiries with all possible speed.<\/p>\n<p>The most rapid responses are generally made to questions submitted by e-mail to pia-maria.pesonen@laakevakuutus.com.\u00a0Please leave requests for telephone contact on +358 10 219 5712 (Tue-Thu from 10 am to 1 pm).<\/p>\n<p>Here is some information about coronavirus and our answers to frequently asked questions.<\/p>\n<p>STATE OF INJURY REPORTS \u2013 UPDATED 30.1.2025<\/p>\n<p>A total of 2 717 claims concerning COVID-19 vaccines had been received by the end of December 2024, with 2 606 decisions issued. Compensation was deemed payable in 800 of these cases, while 1 806 claims were declined. Though seeking to process cases expeditiously, the principle of diligence is not compromised.<\/p>\n<p>Compensation has so far been paid for temporary inconvenience, medical expenses arising from injury, and loss of earnings in some cases. Most adverse reactions have been mild. Expenses are reimbursed according to true documented costs. Compensation for lost earnings is paid according to earnings actually lost. Compensation has been paid in cases where symptoms caused by the vaccine continued for at least 30 days, or the medical costs or loss of earnings caused by the injury exceeded EUR 85.<\/p>\n<p>Compensation has so far been paid as follows: allergic reactions:\u00a0 22 % of favourable decisions (mainly dermatitis), cardiovascular symptoms: 20 % (most commonly myocarditis), general symptoms and local reactions:\u00a0 20 % (including fever, pain and suffering, swelling of the vaccination arm and transient fatigue), neurological symptoms: 18 % (headache and some individual less common neurological symptoms), immune system disorders: 10 %, muscle and joint pain: 6 %, and other symptoms: 4 %. No serious unknown adverse reactions have been described in accident reports submitted to date.<\/p>\n<p>&nbsp;<\/p>\n<p>&nbsp;<\/p>\n","protected":false},"excerpt":{"rendered":"<p>Coronavirus vaccine information for the media PLEASE NOTE! We are receiving a lot of claims and contacts as the coronavirus vaccination programme progresses. We are now focusing on processing injury reports with optimal efficiency. You may accordingly not be able to contact us as quickly as usual. We respond to media inquiries with all possible [&hellip;]<\/p>\n","protected":false},"author":3,"featured_media":0,"parent":0,"menu_order":0,"comment_status":"closed","ping_status":"closed","template":"","meta":{"_acf_changed":false,"footnotes":""},"class_list":["post-1930","page","type-page","status-publish","hentry"],"acf":[],"yoast_head":"<!-- This site is optimized with the Yoast SEO plugin v27.4 - https:\/\/yoast.com\/product\/yoast-seo-wordpress\/ -->\n<title>Media - Suomen Keskin\u00e4inen L\u00e4\u00e4kevahinkovakuutusyhti\u00f6<\/title>\n<meta name=\"robots\" content=\"index, follow, max-snippet:-1, max-image-preview:large, max-video-preview:-1\" \/>\n<link rel=\"canonical\" href=\"https:\/\/www.laakevahinko.fi\/en\/media\/\" \/>\n<meta property=\"og:locale\" content=\"en_US\" \/>\n<meta property=\"og:type\" content=\"article\" \/>\n<meta property=\"og:title\" content=\"Media - Suomen Keskin\u00e4inen L\u00e4\u00e4kevahinkovakuutusyhti\u00f6\" \/>\n<meta property=\"og:description\" content=\"Coronavirus vaccine information for the media PLEASE NOTE! We are receiving a lot of claims and contacts as the coronavirus vaccination programme progresses. We are now focusing on processing injury reports with optimal efficiency. You may accordingly not be able to contact us as quickly as usual. We respond to media inquiries with all possible [&hellip;]\" \/>\n<meta property=\"og:url\" content=\"https:\/\/www.laakevahinko.fi\/en\/media\/\" \/>\n<meta property=\"og:site_name\" content=\"Suomen Keskin\u00e4inen L\u00e4\u00e4kevahinkovakuutusyhti\u00f6\" \/>\n<meta property=\"article:modified_time\" content=\"2025-05-28T11:52:27+00:00\" \/>\n<meta name=\"twitter:card\" content=\"summary_large_image\" \/>\n<meta name=\"twitter:label1\" content=\"Est. reading time\" \/>\n\t<meta name=\"twitter:data1\" content=\"3 minutes\" \/>\n<script type=\"application\/ld+json\" class=\"yoast-schema-graph\">{\"@context\":\"https:\\\/\\\/schema.org\",\"@graph\":[{\"@type\":\"WebPage\",\"@id\":\"https:\\\/\\\/www.laakevahinko.fi\\\/en\\\/media\\\/\",\"url\":\"https:\\\/\\\/www.laakevahinko.fi\\\/en\\\/media\\\/\",\"name\":\"Media - Suomen Keskin\u00e4inen L\u00e4\u00e4kevahinkovakuutusyhti\u00f6\",\"isPartOf\":{\"@id\":\"https:\\\/\\\/www.laakevahinko.fi\\\/#website\"},\"datePublished\":\"2021-06-23T15:25:03+00:00\",\"dateModified\":\"2025-05-28T11:52:27+00:00\",\"breadcrumb\":{\"@id\":\"https:\\\/\\\/www.laakevahinko.fi\\\/en\\\/media\\\/#breadcrumb\"},\"inLanguage\":\"en-US\",\"potentialAction\":[{\"@type\":\"ReadAction\",\"target\":[\"https:\\\/\\\/www.laakevahinko.fi\\\/en\\\/media\\\/\"]}]},{\"@type\":\"BreadcrumbList\",\"@id\":\"https:\\\/\\\/www.laakevahinko.fi\\\/en\\\/media\\\/#breadcrumb\",\"itemListElement\":[{\"@type\":\"ListItem\",\"position\":1,\"name\":\"Home\",\"item\":\"https:\\\/\\\/www.laakevahinko.fi\\\/en\\\/\"},{\"@type\":\"ListItem\",\"position\":2,\"name\":\"Media\"}]},{\"@type\":\"WebSite\",\"@id\":\"https:\\\/\\\/www.laakevahinko.fi\\\/#website\",\"url\":\"https:\\\/\\\/www.laakevahinko.fi\\\/\",\"name\":\"Suomen Keskin\u00e4inen L\u00e4\u00e4kevahinkovakuutusyhti\u00f6\",\"description\":\"\",\"potentialAction\":[{\"@type\":\"SearchAction\",\"target\":{\"@type\":\"EntryPoint\",\"urlTemplate\":\"https:\\\/\\\/www.laakevahinko.fi\\\/?s={search_term_string}\"},\"query-input\":{\"@type\":\"PropertyValueSpecification\",\"valueRequired\":true,\"valueName\":\"search_term_string\"}}],\"inLanguage\":\"en-US\"}]}<\/script>\n<!-- \/ Yoast SEO plugin. -->","yoast_head_json":{"title":"Media - Suomen Keskin\u00e4inen L\u00e4\u00e4kevahinkovakuutusyhti\u00f6","robots":{"index":"index","follow":"follow","max-snippet":"max-snippet:-1","max-image-preview":"max-image-preview:large","max-video-preview":"max-video-preview:-1"},"canonical":"https:\/\/www.laakevahinko.fi\/en\/media\/","og_locale":"en_US","og_type":"article","og_title":"Media - Suomen Keskin\u00e4inen L\u00e4\u00e4kevahinkovakuutusyhti\u00f6","og_description":"Coronavirus vaccine information for the media PLEASE NOTE! We are receiving a lot of claims and contacts as the coronavirus vaccination programme progresses. We are now focusing on processing injury reports with optimal efficiency. You may accordingly not be able to contact us as quickly as usual. We respond to media inquiries with all possible [&hellip;]","og_url":"https:\/\/www.laakevahinko.fi\/en\/media\/","og_site_name":"Suomen Keskin\u00e4inen L\u00e4\u00e4kevahinkovakuutusyhti\u00f6","article_modified_time":"2025-05-28T11:52:27+00:00","twitter_card":"summary_large_image","twitter_misc":{"Est. reading time":"3 minutes"},"schema":{"@context":"https:\/\/schema.org","@graph":[{"@type":"WebPage","@id":"https:\/\/www.laakevahinko.fi\/en\/media\/","url":"https:\/\/www.laakevahinko.fi\/en\/media\/","name":"Media - Suomen Keskin\u00e4inen L\u00e4\u00e4kevahinkovakuutusyhti\u00f6","isPartOf":{"@id":"https:\/\/www.laakevahinko.fi\/#website"},"datePublished":"2021-06-23T15:25:03+00:00","dateModified":"2025-05-28T11:52:27+00:00","breadcrumb":{"@id":"https:\/\/www.laakevahinko.fi\/en\/media\/#breadcrumb"},"inLanguage":"en-US","potentialAction":[{"@type":"ReadAction","target":["https:\/\/www.laakevahinko.fi\/en\/media\/"]}]},{"@type":"BreadcrumbList","@id":"https:\/\/www.laakevahinko.fi\/en\/media\/#breadcrumb","itemListElement":[{"@type":"ListItem","position":1,"name":"Home","item":"https:\/\/www.laakevahinko.fi\/en\/"},{"@type":"ListItem","position":2,"name":"Media"}]},{"@type":"WebSite","@id":"https:\/\/www.laakevahinko.fi\/#website","url":"https:\/\/www.laakevahinko.fi\/","name":"Suomen Keskin\u00e4inen L\u00e4\u00e4kevahinkovakuutusyhti\u00f6","description":"","potentialAction":[{"@type":"SearchAction","target":{"@type":"EntryPoint","urlTemplate":"https:\/\/www.laakevahinko.fi\/?s={search_term_string}"},"query-input":{"@type":"PropertyValueSpecification","valueRequired":true,"valueName":"search_term_string"}}],"inLanguage":"en-US"}]}},"_links":{"self":[{"href":"https:\/\/www.laakevahinko.fi\/en\/wp-json\/wp\/v2\/pages\/1930","targetHints":{"allow":["GET"]}}],"collection":[{"href":"https:\/\/www.laakevahinko.fi\/en\/wp-json\/wp\/v2\/pages"}],"about":[{"href":"https:\/\/www.laakevahinko.fi\/en\/wp-json\/wp\/v2\/types\/page"}],"author":[{"embeddable":true,"href":"https:\/\/www.laakevahinko.fi\/en\/wp-json\/wp\/v2\/users\/3"}],"replies":[{"embeddable":true,"href":"https:\/\/www.laakevahinko.fi\/en\/wp-json\/wp\/v2\/comments?post=1930"}],"version-history":[{"count":115,"href":"https:\/\/www.laakevahinko.fi\/en\/wp-json\/wp\/v2\/pages\/1930\/revisions"}],"predecessor-version":[{"id":3080,"href":"https:\/\/www.laakevahinko.fi\/en\/wp-json\/wp\/v2\/pages\/1930\/revisions\/3080"}],"wp:attachment":[{"href":"https:\/\/www.laakevahinko.fi\/en\/wp-json\/wp\/v2\/media?parent=1930"}],"curies":[{"name":"wp","href":"https:\/\/api.w.org\/{rel}","templated":true}]}}