{"id":1784,"date":"2021-02-19T17:46:57","date_gmt":"2021-02-19T15:46:57","guid":{"rendered":"https:\/\/www.laakevahinko.fi\/?page_id=1784"},"modified":"2025-11-19T13:56:17","modified_gmt":"2025-11-19T11:56:17","slug":"esimerkkitapaukset-usein-kysyttya","status":"publish","type":"page","link":"https:\/\/www.laakevahinko.fi\/en\/esimerkkitapaukset-usein-kysyttya\/","title":{"rendered":"Covid-19 vaccines"},"content":{"rendered":"<p>Pharmaceutical insurance compensation may be claimed for harm caused by a COVID-19 vaccine administered in Finland.<\/p>\n<p>Compensation claims are made by submitting a completed claim notification form to the Finnish Mutual Insurance Company for Pharmaceutical Injury Indemnities. <strong>The relevant medical records of the injured party will be required for assessing any pharmaceutical product damage.<\/strong> There is no need for the injured party to obtain these records, as the insurance company will do so when it needs them for processing the claim. To expedite the process, the claim should specify the care institution where the vaccine-related harm was treated. <strong>Please note that we have no access to Kanta.fi.<\/strong><\/p>\n<p>No compensation is payable for minor loss or damage. Pharmaceutical insurance covers non-trivial vaccine damage that has caused personal injury to the vaccine recipient. Compensation may be claimed if the harm caused by the vaccine has not passed in 30 days, or if this harm has resulted in medical expenses or loss of earnings exceeding EUR 85.<\/p>\n<p><strong>The following questions and answers concern compensation for loss or damage caused by COVID-19 vaccines.<\/strong><\/p>\n","protected":false},"excerpt":{"rendered":"<p>Pharmaceutical insurance compensation may be claimed for harm caused by a COVID-19 vaccine administered in Finland. Compensation claims are made by submitting a completed claim notification form to the Finnish Mutual Insurance Company for Pharmaceutical Injury Indemnities. The relevant medical records of the injured party will be required for assessing any pharmaceutical product damage. There [&hellip;]<\/p>\n","protected":false},"author":1,"featured_media":0,"parent":0,"menu_order":0,"comment_status":"closed","ping_status":"closed","template":"","meta":{"_acf_changed":false,"footnotes":""},"class_list":["post-1784","page","type-page","status-publish","hentry"],"acf":[],"yoast_head":"<!-- This site is optimized with the Yoast SEO plugin v27.4 - https:\/\/yoast.com\/product\/yoast-seo-wordpress\/ -->\n<title>Covid-19 vaccines - Suomen Keskin\u00e4inen L\u00e4\u00e4kevahinkovakuutusyhti\u00f6<\/title>\n<meta name=\"robots\" content=\"index, follow, max-snippet:-1, max-image-preview:large, max-video-preview:-1\" \/>\n<link rel=\"canonical\" href=\"https:\/\/www.laakevahinko.fi\/en\/esimerkkitapaukset-usein-kysyttya\/\" \/>\n<meta property=\"og:locale\" content=\"en_US\" \/>\n<meta property=\"og:type\" content=\"article\" \/>\n<meta property=\"og:title\" content=\"Covid-19 vaccines - Suomen Keskin\u00e4inen L\u00e4\u00e4kevahinkovakuutusyhti\u00f6\" \/>\n<meta property=\"og:description\" content=\"Pharmaceutical insurance compensation may be claimed for harm caused by a COVID-19 vaccine administered in Finland. Compensation claims are made by submitting a completed claim notification form to the Finnish Mutual Insurance Company for Pharmaceutical Injury Indemnities. The relevant medical records of the injured party will be required for assessing any pharmaceutical product damage. There [&hellip;]\" \/>\n<meta property=\"og:url\" content=\"https:\/\/www.laakevahinko.fi\/en\/esimerkkitapaukset-usein-kysyttya\/\" \/>\n<meta property=\"og:site_name\" content=\"Suomen Keskin\u00e4inen L\u00e4\u00e4kevahinkovakuutusyhti\u00f6\" \/>\n<meta property=\"article:modified_time\" content=\"2025-11-19T11:56:17+00:00\" \/>\n<meta name=\"twitter:card\" content=\"summary_large_image\" \/>\n<meta name=\"twitter:label1\" content=\"Est. reading time\" \/>\n\t<meta name=\"twitter:data1\" content=\"2 minutes\" \/>\n<script type=\"application\/ld+json\" class=\"yoast-schema-graph\">{\"@context\":\"https:\\\/\\\/schema.org\",\"@graph\":[{\"@type\":\"WebPage\",\"@id\":\"https:\\\/\\\/www.laakevahinko.fi\\\/en\\\/esimerkkitapaukset-usein-kysyttya\\\/\",\"url\":\"https:\\\/\\\/www.laakevahinko.fi\\\/en\\\/esimerkkitapaukset-usein-kysyttya\\\/\",\"name\":\"Covid-19 vaccines - Suomen Keskin\u00e4inen L\u00e4\u00e4kevahinkovakuutusyhti\u00f6\",\"isPartOf\":{\"@id\":\"https:\\\/\\\/www.laakevahinko.fi\\\/#website\"},\"datePublished\":\"2021-02-19T15:46:57+00:00\",\"dateModified\":\"2025-11-19T11:56:17+00:00\",\"breadcrumb\":{\"@id\":\"https:\\\/\\\/www.laakevahinko.fi\\\/en\\\/esimerkkitapaukset-usein-kysyttya\\\/#breadcrumb\"},\"inLanguage\":\"en-US\",\"potentialAction\":[{\"@type\":\"ReadAction\",\"target\":[\"https:\\\/\\\/www.laakevahinko.fi\\\/en\\\/esimerkkitapaukset-usein-kysyttya\\\/\"]}]},{\"@type\":\"BreadcrumbList\",\"@id\":\"https:\\\/\\\/www.laakevahinko.fi\\\/en\\\/esimerkkitapaukset-usein-kysyttya\\\/#breadcrumb\",\"itemListElement\":[{\"@type\":\"ListItem\",\"position\":1,\"name\":\"Home\",\"item\":\"https:\\\/\\\/www.laakevahinko.fi\\\/en\\\/\"},{\"@type\":\"ListItem\",\"position\":2,\"name\":\"Covid-19 vaccines\"}]},{\"@type\":\"WebSite\",\"@id\":\"https:\\\/\\\/www.laakevahinko.fi\\\/#website\",\"url\":\"https:\\\/\\\/www.laakevahinko.fi\\\/\",\"name\":\"Suomen Keskin\u00e4inen L\u00e4\u00e4kevahinkovakuutusyhti\u00f6\",\"description\":\"\",\"potentialAction\":[{\"@type\":\"SearchAction\",\"target\":{\"@type\":\"EntryPoint\",\"urlTemplate\":\"https:\\\/\\\/www.laakevahinko.fi\\\/?s={search_term_string}\"},\"query-input\":{\"@type\":\"PropertyValueSpecification\",\"valueRequired\":true,\"valueName\":\"search_term_string\"}}],\"inLanguage\":\"en-US\"}]}<\/script>\n<!-- \/ Yoast SEO plugin. -->","yoast_head_json":{"title":"Covid-19 vaccines - Suomen Keskin\u00e4inen L\u00e4\u00e4kevahinkovakuutusyhti\u00f6","robots":{"index":"index","follow":"follow","max-snippet":"max-snippet:-1","max-image-preview":"max-image-preview:large","max-video-preview":"max-video-preview:-1"},"canonical":"https:\/\/www.laakevahinko.fi\/en\/esimerkkitapaukset-usein-kysyttya\/","og_locale":"en_US","og_type":"article","og_title":"Covid-19 vaccines - Suomen Keskin\u00e4inen L\u00e4\u00e4kevahinkovakuutusyhti\u00f6","og_description":"Pharmaceutical insurance compensation may be claimed for harm caused by a COVID-19 vaccine administered in Finland. Compensation claims are made by submitting a completed claim notification form to the Finnish Mutual Insurance Company for Pharmaceutical Injury Indemnities. The relevant medical records of the injured party will be required for assessing any pharmaceutical product damage. There [&hellip;]","og_url":"https:\/\/www.laakevahinko.fi\/en\/esimerkkitapaukset-usein-kysyttya\/","og_site_name":"Suomen Keskin\u00e4inen L\u00e4\u00e4kevahinkovakuutusyhti\u00f6","article_modified_time":"2025-11-19T11:56:17+00:00","twitter_card":"summary_large_image","twitter_misc":{"Est. reading time":"2 minutes"},"schema":{"@context":"https:\/\/schema.org","@graph":[{"@type":"WebPage","@id":"https:\/\/www.laakevahinko.fi\/en\/esimerkkitapaukset-usein-kysyttya\/","url":"https:\/\/www.laakevahinko.fi\/en\/esimerkkitapaukset-usein-kysyttya\/","name":"Covid-19 vaccines - Suomen Keskin\u00e4inen L\u00e4\u00e4kevahinkovakuutusyhti\u00f6","isPartOf":{"@id":"https:\/\/www.laakevahinko.fi\/#website"},"datePublished":"2021-02-19T15:46:57+00:00","dateModified":"2025-11-19T11:56:17+00:00","breadcrumb":{"@id":"https:\/\/www.laakevahinko.fi\/en\/esimerkkitapaukset-usein-kysyttya\/#breadcrumb"},"inLanguage":"en-US","potentialAction":[{"@type":"ReadAction","target":["https:\/\/www.laakevahinko.fi\/en\/esimerkkitapaukset-usein-kysyttya\/"]}]},{"@type":"BreadcrumbList","@id":"https:\/\/www.laakevahinko.fi\/en\/esimerkkitapaukset-usein-kysyttya\/#breadcrumb","itemListElement":[{"@type":"ListItem","position":1,"name":"Home","item":"https:\/\/www.laakevahinko.fi\/en\/"},{"@type":"ListItem","position":2,"name":"Covid-19 vaccines"}]},{"@type":"WebSite","@id":"https:\/\/www.laakevahinko.fi\/#website","url":"https:\/\/www.laakevahinko.fi\/","name":"Suomen Keskin\u00e4inen L\u00e4\u00e4kevahinkovakuutusyhti\u00f6","description":"","potentialAction":[{"@type":"SearchAction","target":{"@type":"EntryPoint","urlTemplate":"https:\/\/www.laakevahinko.fi\/?s={search_term_string}"},"query-input":{"@type":"PropertyValueSpecification","valueRequired":true,"valueName":"search_term_string"}}],"inLanguage":"en-US"}]}},"_links":{"self":[{"href":"https:\/\/www.laakevahinko.fi\/en\/wp-json\/wp\/v2\/pages\/1784","targetHints":{"allow":["GET"]}}],"collection":[{"href":"https:\/\/www.laakevahinko.fi\/en\/wp-json\/wp\/v2\/pages"}],"about":[{"href":"https:\/\/www.laakevahinko.fi\/en\/wp-json\/wp\/v2\/types\/page"}],"author":[{"embeddable":true,"href":"https:\/\/www.laakevahinko.fi\/en\/wp-json\/wp\/v2\/users\/1"}],"replies":[{"embeddable":true,"href":"https:\/\/www.laakevahinko.fi\/en\/wp-json\/wp\/v2\/comments?post=1784"}],"version-history":[{"count":79,"href":"https:\/\/www.laakevahinko.fi\/en\/wp-json\/wp\/v2\/pages\/1784\/revisions"}],"predecessor-version":[{"id":3133,"href":"https:\/\/www.laakevahinko.fi\/en\/wp-json\/wp\/v2\/pages\/1784\/revisions\/3133"}],"wp:attachment":[{"href":"https:\/\/www.laakevahinko.fi\/en\/wp-json\/wp\/v2\/media?parent=1784"}],"curies":[{"name":"wp","href":"https:\/\/api.w.org\/{rel}","templated":true}]}}